{"id":109,"date":"2020-11-23T16:32:51","date_gmt":"2020-11-23T16:32:51","guid":{"rendered":"https:\/\/gracias-algas.com\/?page_id=109"},"modified":"2021-04-13T19:51:47","modified_gmt":"2021-04-13T19:51:47","slug":"our-mission","status":"publish","type":"page","link":"https:\/\/gracias-algas.com\/es\/our-mission\/","title":{"rendered":"nuestra misi\u00f3n"},"content":{"rendered":"<div class=\"vc_row wpb_row vc_row-fluid\"><div class=\"wpb_column vc_column_container vc_col-sm-12\"><div class=\"vc_column-inner\"><div class=\"wpb_wrapper\">\n\t<div class=\"wpb_text_column wpb_content_element\" >\n\t\t<div class=\"wpb_wrapper\">\n\t\t\t<p class=\"has-text-align-center\">\"Nuestra misi\u00f3n es proveer productos provenientes de las algas chilenas recolectadas a mano, a diversos mercados  para uso alimenticio, cosm\u00e9tico e industrial. \n\nAsegurando los m\u00e1s altos est\u00e1ndares de calidad en su procesos de cultivo, cosecha, recolecci\u00f3n, y secado.\n\nBuscamos generar un impacto positivo para las comunidades y el medio ambiente, y mantener la tradici\u00f3n familiar del trabajo con este recurso. \n\"<\/p>\n<p>Buscamos generar un impacto positivo para las comunidades y el medio ambiente, y mantener la tradici\u00f3n familiar del trabajo con este recurso.<\/p>\n<p><\/p>\n<h3 class=\"has-text-align-center wp-block-heading\">Producci\u00f3n sustentable<\/h3>\n\n\t\t<\/div>\n\t<\/div>\n<\/div><\/div><\/div><\/div><div class=\"vc_row wpb_row vc_row-fluid\"><div class=\"wpb_column vc_column_container vc_col-sm-4\"><div class=\"vc_column-inner\"><div class=\"wpb_wrapper\">\n\t<div  class=\"wpb_single_image wpb_content_element vc_align_left\">\n\t\t\n\t\t<figure class=\"wpb_wrapper vc_figure\">\n\t\t\t<div class=\"vc_single_image-wrapper   vc_box_border_grey\"><img loading=\"lazy\" decoding=\"async\" class=\"vc_single_image-img\" src=\"https:\/\/gracias-algas.com\/wp-content\/uploads\/2021\/04\/Bildschirmfoto-2021-04-13-um-21.43.45-500x500.png\" width=\"500\" height=\"500\" alt=\"Bildschirmfoto 2021-04-13 um 21.43.45\" title=\"Bildschirmfoto 2021-04-13 um 21.43.45\" \/><\/div>\n\t\t<\/figure>\n\t<\/div>\n\n\t<div class=\"wpb_text_column wpb_content_element\" >\n\t\t<div class=\"wpb_wrapper\">\n\t\t\t<p>En Algas MG Ortiz nos dedicamos a hacer el cultivo, la cosecha y el secado de nuestras algas, siguiendo los est\u00e1ndares del mercado al cual estamos exportando.<\/p>\n\n\t\t<\/div>\n\t<\/div>\n<\/div><\/div><\/div><div class=\"wpb_column vc_column_container vc_col-sm-4\"><div class=\"vc_column-inner\"><div class=\"wpb_wrapper\">\n\t<div  class=\"wpb_single_image wpb_content_element vc_align_left\">\n\t\t\n\t\t<figure class=\"wpb_wrapper vc_figure\">\n\t\t\t<div class=\"vc_single_image-wrapper   vc_box_border_grey\"><img loading=\"lazy\" decoding=\"async\" class=\"vc_single_image-img\" src=\"https:\/\/gracias-algas.com\/wp-content\/uploads\/2021\/04\/Bildschirmfoto-2021-04-13-um-21.38.54-500x500.png\" width=\"500\" height=\"500\" alt=\"Bildschirmfoto 2021-04-13 um 21.38.54\" title=\"Bildschirmfoto 2021-04-13 um 21.38.54\" \/><\/div>\n\t\t<\/figure>\n\t<\/div>\n\n\t<div class=\"wpb_text_column wpb_content_element\" >\n\t\t<div class=\"wpb_wrapper\">\n\t\t\t<p>Todos nuestros cultivos son off-shore, es decir, bajo el agua, donde plantamos en las costas de las regiones de Atacama y Coquimbo. En el caso de las algas de cosecha silvestre (wild harvest), trabajamos desde las regiones de Tarapac\u00e1 (I) hasta O\u2019Higgins (VI).<\/p>\n\n\t\t<\/div>\n\t<\/div>\n<\/div><\/div><\/div><div class=\"wpb_column vc_column_container vc_col-sm-4\"><div class=\"vc_column-inner\"><div class=\"wpb_wrapper\">\n\t<div  class=\"wpb_single_image wpb_content_element vc_align_left\">\n\t\t\n\t\t<figure class=\"wpb_wrapper vc_figure\">\n\t\t\t<div class=\"vc_single_image-wrapper   vc_box_border_grey\"><img loading=\"lazy\" decoding=\"async\" class=\"vc_single_image-img\" src=\"https:\/\/gracias-algas.com\/wp-content\/uploads\/2021\/04\/Bildschirmfoto-2021-04-13-um-21.51.21-500x500.png\" width=\"500\" height=\"500\" alt=\"Bildschirmfoto 2021-04-13 um 21.51.21\" title=\"Bildschirmfoto 2021-04-13 um 21.51.21\" \/><\/div>\n\t\t<\/figure>\n\t<\/div>\n\n\t<div class=\"wpb_text_column wpb_content_element\" >\n\t\t<div class=\"wpb_wrapper\">\n\t\t\t<p>Estamos asociados con los recolectores orilleros de la zona, a quienes les compramos las algas que recogen de nuestras \u00e1reas de manejo, generando recursos en la zona y manteniendo la colaboraci\u00f3n junto a la comunidad.<\/p>\n\n\t\t<\/div>\n\t<\/div>\n<\/div><\/div><\/div><\/div>","protected":false},"excerpt":{"rendered":"Our mission is to provide products derived from Chilean hand-picked seaweed to diverse markets. We cater to businesses, developing products in the food, cosmetic and industrial sector. Based on our belief, we ensure that each step of the process - cultivation, harvesting and drying - is done to the highest standard. We aim to generate [...]","protected":false},"author":2,"featured_media":0,"parent":0,"menu_order":0,"comment_status":"closed","ping_status":"closed","template":"","meta":{"_coblocks_attr":"","_coblocks_dimensions":"","_coblocks_responsive_height":"","_coblocks_accordion_ie_support":"","hide_page_title":"","footnotes":""},"class_list":["post-109","page","type-page","status-publish","hentry"],"yoast_head":"<!-- This site is optimized with the Yoast SEO plugin v26.2 - https:\/\/yoast.com\/wordpress\/plugins\/seo\/ -->\n<title>Gracias Algas Mission is to provide excellent algae wholesale<\/title>\n<meta name=\"description\" content=\"Our Mission is to provide excellent algae wholesale \/ Seeweed wholesale products for industry professionals. Contact us for a quote!\" \/>\n<meta name=\"robots\" content=\"index, follow, max-snippet:-1, max-image-preview:large, max-video-preview:-1\" \/>\n<link rel=\"canonical\" href=\"https:\/\/gracias-algas.com\/es\/our-mission\/\" \/>\n<meta property=\"og:locale\" content=\"es_ES\" \/>\n<meta property=\"og:type\" content=\"article\" \/>\n<meta property=\"og:title\" content=\"Gracias Algas Mission is to provide excellent algae wholesale\" \/>\n<meta property=\"og:description\" content=\"Our Mission is to provide excellent algae wholesale \/ Seeweed wholesale products for industry professionals. Contact us for a quote!\" \/>\n<meta property=\"og:url\" content=\"https:\/\/gracias-algas.com\/es\/our-mission\/\" \/>\n<meta property=\"article:modified_time\" content=\"2021-04-13T19:51:47+00:00\" \/>\n<meta name=\"twitter:card\" content=\"summary_large_image\" \/>\n<meta name=\"twitter:label1\" content=\"Tiempo de lectura\" \/>\n\t<meta name=\"twitter:data1\" content=\"1 minuto\" \/>\n<script type=\"application\/ld+json\" class=\"yoast-schema-graph\">{\"@context\":\"https:\/\/schema.org\",\"@graph\":[{\"@type\":\"WebPage\",\"@id\":\"https:\/\/gracias-algas.com\/our-mission\/\",\"url\":\"https:\/\/gracias-algas.com\/our-mission\/\",\"name\":\"Gracias Algas Mission is to provide excellent algae wholesale\",\"isPartOf\":{\"@id\":\"https:\/\/gracias-algas.com\/en\/#website\"},\"datePublished\":\"2020-11-23T16:32:51+00:00\",\"dateModified\":\"2021-04-13T19:51:47+00:00\",\"description\":\"Our Mission is to provide excellent algae wholesale \/ Seeweed wholesale products for industry professionals. Contact us for a quote!\",\"breadcrumb\":{\"@id\":\"https:\/\/gracias-algas.com\/our-mission\/#breadcrumb\"},\"inLanguage\":\"es\",\"potentialAction\":[{\"@type\":\"ReadAction\",\"target\":[\"https:\/\/gracias-algas.com\/our-mission\/\"]}]},{\"@type\":\"BreadcrumbList\",\"@id\":\"https:\/\/gracias-algas.com\/our-mission\/#breadcrumb\",\"itemListElement\":[{\"@type\":\"ListItem\",\"position\":1,\"name\":\"Startseite\",\"item\":\"https:\/\/gracias-algas.com\/en\/\"},{\"@type\":\"ListItem\",\"position\":2,\"name\":\"Our Mission\"}]},{\"@type\":\"WebSite\",\"@id\":\"https:\/\/gracias-algas.com\/en\/#website\",\"url\":\"https:\/\/gracias-algas.com\/en\/\",\"name\":\"\",\"description\":\"\",\"publisher\":{\"@id\":\"https:\/\/gracias-algas.com\/en\/#organization\"},\"potentialAction\":[{\"@type\":\"SearchAction\",\"target\":{\"@type\":\"EntryPoint\",\"urlTemplate\":\"https:\/\/gracias-algas.com\/en\/?s={search_term_string}\"},\"query-input\":{\"@type\":\"PropertyValueSpecification\",\"valueRequired\":true,\"valueName\":\"search_term_string\"}}],\"inLanguage\":\"es\"},{\"@type\":\"Organization\",\"@id\":\"https:\/\/gracias-algas.com\/en\/#organization\",\"name\":\"Gracias Algas\",\"url\":\"https:\/\/gracias-algas.com\/en\/\",\"logo\":{\"@type\":\"ImageObject\",\"inLanguage\":\"es\",\"@id\":\"https:\/\/gracias-algas.com\/en\/#\/schema\/logo\/image\/\",\"url\":\"https:\/\/secureservercdn.net\/160.153.137.218\/hn1.a7f.myftpupload.com\/wp-content\/uploads\/2020\/11\/gracias-algas.png?time=1624541328\",\"contentUrl\":\"https:\/\/secureservercdn.net\/160.153.137.218\/hn1.a7f.myftpupload.com\/wp-content\/uploads\/2020\/11\/gracias-algas.png?time=1624541328\",\"width\":2126,\"height\":2126,\"caption\":\"Gracias Algas\"},\"image\":{\"@id\":\"https:\/\/gracias-algas.com\/en\/#\/schema\/logo\/image\/\"}}]}<\/script>\n<!-- \/ Yoast SEO plugin. -->","yoast_head_json":{"title":"Gracias Algas Mission is to provide excellent algae wholesale","description":"Our Mission is to provide excellent algae wholesale \/ Seeweed wholesale products for industry professionals. Contact us for a quote!","robots":{"index":"index","follow":"follow","max-snippet":"max-snippet:-1","max-image-preview":"max-image-preview:large","max-video-preview":"max-video-preview:-1"},"canonical":"https:\/\/gracias-algas.com\/es\/our-mission\/","og_locale":"es_ES","og_type":"article","og_title":"Gracias Algas Mission is to provide excellent algae wholesale","og_description":"Our Mission is to provide excellent algae wholesale \/ Seeweed wholesale products for industry professionals. Contact us for a quote!","og_url":"https:\/\/gracias-algas.com\/es\/our-mission\/","article_modified_time":"2021-04-13T19:51:47+00:00","twitter_card":"summary_large_image","twitter_misc":{"Tiempo de lectura":"1 minuto"},"schema":{"@context":"https:\/\/schema.org","@graph":[{"@type":"WebPage","@id":"https:\/\/gracias-algas.com\/our-mission\/","url":"https:\/\/gracias-algas.com\/our-mission\/","name":"Gracias Algas Mission is to provide excellent algae wholesale","isPartOf":{"@id":"https:\/\/gracias-algas.com\/en\/#website"},"datePublished":"2020-11-23T16:32:51+00:00","dateModified":"2021-04-13T19:51:47+00:00","description":"Our Mission is to provide excellent algae wholesale \/ Seeweed wholesale products for industry professionals. Contact us for a quote!","breadcrumb":{"@id":"https:\/\/gracias-algas.com\/our-mission\/#breadcrumb"},"inLanguage":"es","potentialAction":[{"@type":"ReadAction","target":["https:\/\/gracias-algas.com\/our-mission\/"]}]},{"@type":"BreadcrumbList","@id":"https:\/\/gracias-algas.com\/our-mission\/#breadcrumb","itemListElement":[{"@type":"ListItem","position":1,"name":"Startseite","item":"https:\/\/gracias-algas.com\/en\/"},{"@type":"ListItem","position":2,"name":"Our Mission"}]},{"@type":"WebSite","@id":"https:\/\/gracias-algas.com\/en\/#website","url":"https:\/\/gracias-algas.com\/en\/","name":"","description":"","publisher":{"@id":"https:\/\/gracias-algas.com\/en\/#organization"},"potentialAction":[{"@type":"SearchAction","target":{"@type":"EntryPoint","urlTemplate":"https:\/\/gracias-algas.com\/en\/?s={search_term_string}"},"query-input":{"@type":"PropertyValueSpecification","valueRequired":true,"valueName":"search_term_string"}}],"inLanguage":"es"},{"@type":"Organization","@id":"https:\/\/gracias-algas.com\/en\/#organization","name":"Gracias Algas","url":"https:\/\/gracias-algas.com\/en\/","logo":{"@type":"ImageObject","inLanguage":"es","@id":"https:\/\/gracias-algas.com\/en\/#\/schema\/logo\/image\/","url":"https:\/\/secureservercdn.net\/160.153.137.218\/hn1.a7f.myftpupload.com\/wp-content\/uploads\/2020\/11\/gracias-algas.png?time=1624541328","contentUrl":"https:\/\/secureservercdn.net\/160.153.137.218\/hn1.a7f.myftpupload.com\/wp-content\/uploads\/2020\/11\/gracias-algas.png?time=1624541328","width":2126,"height":2126,"caption":"Gracias Algas"},"image":{"@id":"https:\/\/gracias-algas.com\/en\/#\/schema\/logo\/image\/"}}]}},"_links":{"self":[{"href":"https:\/\/gracias-algas.com\/es\/wp-json\/wp\/v2\/pages\/109","targetHints":{"allow":["GET"]}}],"collection":[{"href":"https:\/\/gracias-algas.com\/es\/wp-json\/wp\/v2\/pages"}],"about":[{"href":"https:\/\/gracias-algas.com\/es\/wp-json\/wp\/v2\/types\/page"}],"author":[{"embeddable":true,"href":"https:\/\/gracias-algas.com\/es\/wp-json\/wp\/v2\/users\/2"}],"replies":[{"embeddable":true,"href":"https:\/\/gracias-algas.com\/es\/wp-json\/wp\/v2\/comments?post=109"}],"version-history":[{"count":10,"href":"https:\/\/gracias-algas.com\/es\/wp-json\/wp\/v2\/pages\/109\/revisions"}],"predecessor-version":[{"id":574,"href":"https:\/\/gracias-algas.com\/es\/wp-json\/wp\/v2\/pages\/109\/revisions\/574"}],"wp:attachment":[{"href":"https:\/\/gracias-algas.com\/es\/wp-json\/wp\/v2\/media?parent=109"}],"curies":[{"name":"wp","href":"https:\/\/api.w.org\/{rel}","templated":true}]}}