{"id":145,"date":"2020-11-27T10:04:29","date_gmt":"2020-11-27T10:04:29","guid":{"rendered":"https:\/\/gracias-algas.com\/?page_id=145"},"modified":"2020-11-27T10:04:29","modified_gmt":"2020-11-27T10:04:29","slug":"terms-of-service","status":"publish","type":"page","link":"https:\/\/gracias-algas.com\/es\/terms-of-service\/","title":{"rendered":"T\u00e9rminos de servicio"},"content":{"rendered":"<ol class=\"wp-block-list\"><li><strong>La extensi\u00f3n<br><\/strong>Los siguientes t\u00e9rminos y condiciones se aplican a todos los pedidos realizados a trav\u00e9s de nuestra tienda en l\u00ednea por consumidores y empresarios.<\/li><\/ol>\n\n\n\n<p>Un consumidor es cualquier persona f\u00edsica que concluye una transacci\u00f3n legal con fines que no son predominantemente comerciales ni su actividad profesional independiente. Un empresario es una persona f\u00edsica o jur\u00eddica o una sociedad jur\u00eddica que, al concluir un negocio jur\u00eddico, act\u00faa en el ejercicio de su actividad comercial o profesional independiente.<\/p>\n\n\n\n<p>Lo siguiente se aplica a los empresarios: si el empresario utiliza t\u00e9rminos y condiciones generales contradictorios o complementarios, se rechaza su validez; solo pasan a formar parte del contrato si lo hemos consentido expresamente.<\/p>\n\n\n\n<ol class=\"wp-block-list\" start=\"2\"><li><strong>Socio contractual, celebraci\u00f3n de contrato, opciones de correcci\u00f3n<br><\/strong>The purchase contract is concluded with Gracias Algas &#8211; Algas MG Ortiz.<\/li><\/ol>\n\n\n\n<p>La presentaci\u00f3n de los productos en la tienda online no es una oferta legalmente vinculante, sino un cat\u00e1logo online no vinculante. Inicialmente, puede colocar nuestros productos en el carrito de compras sin compromiso y corregir sus entradas en cualquier momento antes de enviar su pedido vinculante utilizando la informaci\u00f3n proporcionada en el proceso de pedido y las herramientas de revisi\u00f3n explicadas. Al hacer clic en el bot\u00f3n de pedido, realiza un pedido vinculante para los productos en el carrito de compras. La confirmaci\u00f3n de recepci\u00f3n de su pedido se env\u00eda por correo electr\u00f3nico inmediatamente despu\u00e9s de que se haya enviado el pedido.<\/p>\n\n\n\n<p>La fecha de celebraci\u00f3n del contrato con nosotros depende del m\u00e9todo de pago que haya elegido:<\/p>\n\n\n\n<p>factura<br>Aceptamos su pedido enviando una declaraci\u00f3n de aceptaci\u00f3n en un correo electr\u00f3nico separado o entregando la mercanc\u00eda en un plazo de dos d\u00edas.<\/p>\n\n\n\n<ol class=\"wp-block-list\" start=\"3\"><li><strong>Idioma del contrato, almacenamiento del texto del contrato<br><\/strong>El (los) idioma (s) disponibles para la celebraci\u00f3n del contrato: ingl\u00e9s, espa\u00f1ol<\/li><\/ol>\n\n\n\n<p>Guardamos el texto del contrato y le enviamos los detalles del pedido y nuestros t\u00e9rminos y condiciones en forma de texto. Puede ver el texto del contrato en nuestro inicio de sesi\u00f3n de cliente.<\/p>\n\n\n\n<ol class=\"wp-block-list\" start=\"4\"><li><strong>Condiciones de entrega<br><\/strong>Adem\u00e1s de los precios de los productos indicados, tambi\u00e9n se pueden aplicar costos de env\u00edo. Puede encontrar disposiciones m\u00e1s detalladas sobre los gastos de env\u00edo incurridos en las ofertas.<\/li><\/ol>\n\n\n\n<p>Solo realizamos env\u00edos por correo. Desafortunadamente, no es posible una autocolecci\u00f3n del producto.<\/p>\n\n\n\n<ol class=\"wp-block-list\" start=\"5\"><li><strong>El pago<br><\/strong>Los siguientes m\u00e9todos de pago est\u00e1n generalmente disponibles para nuestros productos:<\/li><\/ol>\n\n\n\n<p>factura<br>Usted paga el importe de la factura despu\u00e9s de recibir la mercanc\u00eda y la factura mediante transferencia a nuestra cuenta bancaria. Nos reservamos el derecho de ofrecer compras a cuenta solo despu\u00e9s de una verificaci\u00f3n de cr\u00e9dito exitosa.<\/p>\n\n\n\n<ol class=\"wp-block-list\" start=\"6\"><li><strong>Derecho a retirada<br><\/strong>Los consumidores tienen el derecho legal de desistimiento, como se describe en la pol\u00edtica de cancelaci\u00f3n. A los emprendedores no se les concede correctamente una retirada voluntaria.<\/li><\/ol>\n\n\n\n<ol class=\"wp-block-list\" start=\"7\"><li><strong>Da\u00f1os de transporte<br><\/strong>Lo siguiente se aplica a los consumidores: si los bienes se entregan con da\u00f1os evidentes durante el transporte, por favor, quejarse de tales errores al repartidor lo antes posible y contactarnos de inmediato. No presentar una queja o comunicarse con nosotros no tiene consecuencias para sus reclamos legales y su cumplimiento, en particular sus derechos de garant\u00eda. Sin embargo, nos ayudan a hacer valer nuestras propias reclamaciones contra el transportista o el seguro de transporte.<\/li><\/ol>\n\n\n\n<p>Lo siguiente se aplica a los empresarios: El riesgo de p\u00e9rdida accidental y deterioro accidental se transfiere a usted tan pronto como hayamos entregado el art\u00edculo al transitario, al transportista o la persona o instituci\u00f3n asignada de otro modo para realizar el env\u00edo. El deber de inspecci\u00f3n y notificaci\u00f3n de defectos regulado en la Secci\u00f3n 377 del C\u00f3digo de Comercio Alem\u00e1n (HGB) se aplica a los comerciantes. Si omite la notificaci\u00f3n all\u00ed regulada, la mercader\u00eda se considera aprobada, a menos que exista un defecto que no fue reconocible durante el examen. Esto no se aplica si hemos ocultado fraudulentamente un defecto.<\/p>\n\n\n\n<ol class=\"wp-block-list\" start=\"8\"><li><strong>Garant\u00edas<br><\/strong>Se aplica el derecho legal de responsabilidad por defectos. La informaci\u00f3n sobre las garant\u00edas adicionales que puedan aplicarse y sus condiciones precisas se puede encontrar con el producto y en las p\u00e1ginas de informaci\u00f3n especial de la tienda online.<\/li><li><strong>Responsabilidad<br><\/strong>Siempre somos plenamente responsables de las reclamaciones por da\u00f1os causados por nosotros, nuestros representantes legales o agentes indirectos.<br>\u2022 en caso de lesiones a la vida, el cuerpo o la salud<br>\u2022 en caso de incumplimiento intencional o negligente del deber<br>\u2022 para promesas de garant\u00eda, si se acuerda, o<br>\u2022 en la medida en que est\u00e9 abierto el alcance de la Ley de responsabilidad por productos.<br>En caso de incumplimiento de las obligaciones contractuales esenciales, cuyo cumplimiento posibilite en primer lugar la correcta ejecuci\u00f3n del contrato y en cuyo cumplimiento el contratante puede confiar regularmente (obligaciones cardinales) por negligencia leve por nuestra parte. , nuestros representantes legales o agentes indirectos, el monto de la responsabilidad es previsible en el momento en que se concluy\u00f3 el contrato. Da\u00f1os limitados, cuya ocurrencia generalmente se espera.<br>Adem\u00e1s, se excluyen las reclamaciones por da\u00f1os y perjuicios.<\/li><li><strong>Resoluci\u00f3n de conflictos<br><\/strong>La Comisi\u00f3n Europea proporciona una plataforma para la resoluci\u00f3n de disputas en l\u00ednea, que puede encontrar aqu\u00ed. No estamos obligados ni dispuestos a participar en un procedimiento de resoluci\u00f3n de disputas ante una junta de arbitraje de consumidores.<\/li><\/ol>\n\n\n\n<p>Terms and conditions created withrechtstexter.de.<\/p>","protected":false},"excerpt":{"rendered":"<p>ScopeThe following terms and conditions apply to all orders placed through our online shop by consumers and entrepreneurs. A consumer is any natural person who concludes a legal transaction for purposes that are predominantly neither commercial nor their independent professional activity. An entrepreneur is a natural or legal person or a legal partnership who, when [&hellip;]<\/p>","protected":false},"author":2,"featured_media":0,"parent":0,"menu_order":0,"comment_status":"closed","ping_status":"closed","template":"","meta":{"_coblocks_attr":"","_coblocks_dimensions":"","_coblocks_responsive_height":"","_coblocks_accordion_ie_support":"","hide_page_title":"","footnotes":""},"class_list":["post-145","page","type-page","status-publish","hentry"],"yoast_head":"<!-- This site is optimized with the Yoast SEO plugin v26.2 - https:\/\/yoast.com\/wordpress\/plugins\/seo\/ -->\n<title>Terms of Service -<\/title>\n<meta name=\"robots\" content=\"index, follow, max-snippet:-1, max-image-preview:large, max-video-preview:-1\" \/>\n<link rel=\"canonical\" href=\"https:\/\/gracias-algas.com\/es\/terms-of-service\/\" \/>\n<meta property=\"og:locale\" content=\"es_ES\" \/>\n<meta property=\"og:type\" content=\"article\" \/>\n<meta property=\"og:title\" content=\"Terms of Service -\" \/>\n<meta property=\"og:description\" content=\"ScopeThe following terms and conditions apply to all orders placed through our online shop by consumers and entrepreneurs. A consumer is any natural person who concludes a legal transaction for purposes that are predominantly neither commercial nor their independent professional activity. An entrepreneur is a natural or legal person or a legal partnership who, when [&hellip;]\" \/>\n<meta property=\"og:url\" content=\"https:\/\/gracias-algas.com\/es\/terms-of-service\/\" \/>\n<meta name=\"twitter:card\" content=\"summary_large_image\" \/>\n<meta name=\"twitter:label1\" content=\"Tiempo de lectura\" \/>\n\t<meta name=\"twitter:data1\" content=\"4 minutos\" \/>\n<script type=\"application\/ld+json\" class=\"yoast-schema-graph\">{\"@context\":\"https:\/\/schema.org\",\"@graph\":[{\"@type\":\"WebPage\",\"@id\":\"https:\/\/gracias-algas.com\/terms-of-service\/\",\"url\":\"https:\/\/gracias-algas.com\/terms-of-service\/\",\"name\":\"Terms of Service -\",\"isPartOf\":{\"@id\":\"https:\/\/gracias-algas.com\/en\/#website\"},\"datePublished\":\"2020-11-27T10:04:29+00:00\",\"breadcrumb\":{\"@id\":\"https:\/\/gracias-algas.com\/terms-of-service\/#breadcrumb\"},\"inLanguage\":\"es\",\"potentialAction\":[{\"@type\":\"ReadAction\",\"target\":[\"https:\/\/gracias-algas.com\/terms-of-service\/\"]}]},{\"@type\":\"BreadcrumbList\",\"@id\":\"https:\/\/gracias-algas.com\/terms-of-service\/#breadcrumb\",\"itemListElement\":[{\"@type\":\"ListItem\",\"position\":1,\"name\":\"Startseite\",\"item\":\"https:\/\/gracias-algas.com\/en\/\"},{\"@type\":\"ListItem\",\"position\":2,\"name\":\"Terms of Service\"}]},{\"@type\":\"WebSite\",\"@id\":\"https:\/\/gracias-algas.com\/en\/#website\",\"url\":\"https:\/\/gracias-algas.com\/en\/\",\"name\":\"\",\"description\":\"\",\"publisher\":{\"@id\":\"https:\/\/gracias-algas.com\/en\/#organization\"},\"potentialAction\":[{\"@type\":\"SearchAction\",\"target\":{\"@type\":\"EntryPoint\",\"urlTemplate\":\"https:\/\/gracias-algas.com\/en\/?s={search_term_string}\"},\"query-input\":{\"@type\":\"PropertyValueSpecification\",\"valueRequired\":true,\"valueName\":\"search_term_string\"}}],\"inLanguage\":\"es\"},{\"@type\":\"Organization\",\"@id\":\"https:\/\/gracias-algas.com\/en\/#organization\",\"name\":\"Gracias Algas\",\"url\":\"https:\/\/gracias-algas.com\/en\/\",\"logo\":{\"@type\":\"ImageObject\",\"inLanguage\":\"es\",\"@id\":\"https:\/\/gracias-algas.com\/en\/#\/schema\/logo\/image\/\",\"url\":\"https:\/\/secureservercdn.net\/160.153.137.218\/hn1.a7f.myftpupload.com\/wp-content\/uploads\/2020\/11\/gracias-algas.png?time=1624541328\",\"contentUrl\":\"https:\/\/secureservercdn.net\/160.153.137.218\/hn1.a7f.myftpupload.com\/wp-content\/uploads\/2020\/11\/gracias-algas.png?time=1624541328\",\"width\":2126,\"height\":2126,\"caption\":\"Gracias Algas\"},\"image\":{\"@id\":\"https:\/\/gracias-algas.com\/en\/#\/schema\/logo\/image\/\"}}]}<\/script>\n<!-- \/ Yoast SEO plugin. -->","yoast_head_json":{"title":"Terms of Service -","robots":{"index":"index","follow":"follow","max-snippet":"max-snippet:-1","max-image-preview":"max-image-preview:large","max-video-preview":"max-video-preview:-1"},"canonical":"https:\/\/gracias-algas.com\/es\/terms-of-service\/","og_locale":"es_ES","og_type":"article","og_title":"Terms of Service -","og_description":"ScopeThe following terms and conditions apply to all orders placed through our online shop by consumers and entrepreneurs. A consumer is any natural person who concludes a legal transaction for purposes that are predominantly neither commercial nor their independent professional activity. An entrepreneur is a natural or legal person or a legal partnership who, when [&hellip;]","og_url":"https:\/\/gracias-algas.com\/es\/terms-of-service\/","twitter_card":"summary_large_image","twitter_misc":{"Tiempo de lectura":"4 minutos"},"schema":{"@context":"https:\/\/schema.org","@graph":[{"@type":"WebPage","@id":"https:\/\/gracias-algas.com\/terms-of-service\/","url":"https:\/\/gracias-algas.com\/terms-of-service\/","name":"Terms of Service -","isPartOf":{"@id":"https:\/\/gracias-algas.com\/en\/#website"},"datePublished":"2020-11-27T10:04:29+00:00","breadcrumb":{"@id":"https:\/\/gracias-algas.com\/terms-of-service\/#breadcrumb"},"inLanguage":"es","potentialAction":[{"@type":"ReadAction","target":["https:\/\/gracias-algas.com\/terms-of-service\/"]}]},{"@type":"BreadcrumbList","@id":"https:\/\/gracias-algas.com\/terms-of-service\/#breadcrumb","itemListElement":[{"@type":"ListItem","position":1,"name":"Startseite","item":"https:\/\/gracias-algas.com\/en\/"},{"@type":"ListItem","position":2,"name":"Terms of Service"}]},{"@type":"WebSite","@id":"https:\/\/gracias-algas.com\/en\/#website","url":"https:\/\/gracias-algas.com\/en\/","name":"","description":"","publisher":{"@id":"https:\/\/gracias-algas.com\/en\/#organization"},"potentialAction":[{"@type":"SearchAction","target":{"@type":"EntryPoint","urlTemplate":"https:\/\/gracias-algas.com\/en\/?s={search_term_string}"},"query-input":{"@type":"PropertyValueSpecification","valueRequired":true,"valueName":"search_term_string"}}],"inLanguage":"es"},{"@type":"Organization","@id":"https:\/\/gracias-algas.com\/en\/#organization","name":"Gracias Algas","url":"https:\/\/gracias-algas.com\/en\/","logo":{"@type":"ImageObject","inLanguage":"es","@id":"https:\/\/gracias-algas.com\/en\/#\/schema\/logo\/image\/","url":"https:\/\/secureservercdn.net\/160.153.137.218\/hn1.a7f.myftpupload.com\/wp-content\/uploads\/2020\/11\/gracias-algas.png?time=1624541328","contentUrl":"https:\/\/secureservercdn.net\/160.153.137.218\/hn1.a7f.myftpupload.com\/wp-content\/uploads\/2020\/11\/gracias-algas.png?time=1624541328","width":2126,"height":2126,"caption":"Gracias Algas"},"image":{"@id":"https:\/\/gracias-algas.com\/en\/#\/schema\/logo\/image\/"}}]}},"_links":{"self":[{"href":"https:\/\/gracias-algas.com\/es\/wp-json\/wp\/v2\/pages\/145","targetHints":{"allow":["GET"]}}],"collection":[{"href":"https:\/\/gracias-algas.com\/es\/wp-json\/wp\/v2\/pages"}],"about":[{"href":"https:\/\/gracias-algas.com\/es\/wp-json\/wp\/v2\/types\/page"}],"author":[{"embeddable":true,"href":"https:\/\/gracias-algas.com\/es\/wp-json\/wp\/v2\/users\/2"}],"replies":[{"embeddable":true,"href":"https:\/\/gracias-algas.com\/es\/wp-json\/wp\/v2\/comments?post=145"}],"version-history":[{"count":1,"href":"https:\/\/gracias-algas.com\/es\/wp-json\/wp\/v2\/pages\/145\/revisions"}],"predecessor-version":[{"id":146,"href":"https:\/\/gracias-algas.com\/es\/wp-json\/wp\/v2\/pages\/145\/revisions\/146"}],"wp:attachment":[{"href":"https:\/\/gracias-algas.com\/es\/wp-json\/wp\/v2\/media?parent=145"}],"curies":[{"name":"wp","href":"https:\/\/api.w.org\/{rel}","templated":true}]}}