{"id":390,"date":"2021-02-02T21:51:54","date_gmt":"2021-02-02T21:51:54","guid":{"rendered":"https:\/\/gracias-algas.com\/?page_id=390"},"modified":"2023-04-23T07:55:16","modified_gmt":"2023-04-23T07:55:16","slug":"quality-seaweed-wholesale","status":"publish","type":"page","link":"https:\/\/gracias-algas.com\/es\/","title":{"rendered":"Home"},"content":{"rendered":"<div class=\"wp-block-cover alignfull is-light\" style=\"min-height:602px;aspect-ratio:unset;\"><span aria-hidden=\"true\" class=\"wp-block-cover__background has-background-dim\"><\/span><img loading=\"lazy\" decoding=\"async\" width=\"1500\" height=\"1001\" class=\"wp-block-cover__image-background wp-image-253\" alt=\"\" src=\"https:\/\/gracias-algas.com\/wp-content\/uploads\/2021\/02\/cropped-gracias-algas-chile-seaweed-wholesale-scaled-1.jpg\" data-object-fit=\"cover\" srcset=\"https:\/\/gracias-algas.com\/wp-content\/uploads\/2021\/02\/cropped-gracias-algas-chile-seaweed-wholesale-scaled-1.jpg 1500w, https:\/\/gracias-algas.com\/wp-content\/uploads\/2021\/02\/cropped-gracias-algas-chile-seaweed-wholesale-scaled-1-600x400.jpg 600w, https:\/\/gracias-algas.com\/wp-content\/uploads\/2021\/02\/cropped-gracias-algas-chile-seaweed-wholesale-scaled-1-300x200.jpg 300w, https:\/\/gracias-algas.com\/wp-content\/uploads\/2021\/02\/cropped-gracias-algas-chile-seaweed-wholesale-scaled-1-1024x683.jpg 1024w, https:\/\/gracias-algas.com\/wp-content\/uploads\/2021\/02\/cropped-gracias-algas-chile-seaweed-wholesale-scaled-1-768x513.jpg 768w, https:\/\/gracias-algas.com\/wp-content\/uploads\/2021\/02\/cropped-gracias-algas-chile-seaweed-wholesale-scaled-1-16x12.jpg 16w\" sizes=\"auto, (max-width: 1500px) 100vw, 1500px\" \/><div class=\"wp-block-cover__inner-container is-layout-flow wp-block-cover-is-layout-flow\">\n<h2 class=\"has-quaternary-color has-text-color wp-block-heading\">Cosechamos y procesamos <strong>algas marinas de alta calidad<\/strong>atendiendo a empresas de todo el mundo.<\/h2>\n\n\n\n<div class=\"wp-block-buttons is-layout-flex wp-block-buttons-is-layout-flex\">\n<div class=\"wp-block-button\"><a class=\"wp-block-button__link wp-element-button\" href=\"https:\/\/gracias-algas.com\/es\/about-wholesale-seaweed-supplier\/\">Leer m\u00e1s sobre nuestra empresa<\/a><\/div>\n<\/div>\n<\/div><\/div>\n\n\n\n<h2 class=\"has-text-align-center wp-block-heading\">Creemos firmemente en la importancia de trabajar junto a las comunidades locales, enfatizando el comercio justo y causando un impacto m\u00ednimo en el medio ambiente ...<\/h2>\n\n\n\n<div class=\"wp-block-columns are-vertically-aligned-center coblocks-animate is-layout-flex wp-container-core-columns-is-layout-1 wp-block-columns-is-layout-flex\" data-coblocks-animation=\"slideInLeft\">\n<div class=\"wp-block-column is-vertically-aligned-center is-layout-flow wp-block-column-is-layout-flow\"><\/div>\n\n\n\n<div class=\"wp-block-column is-vertically-aligned-center is-layout-flow wp-block-column-is-layout-flow\">\n<div class=\"wp-block-buttons is-layout-flex wp-block-buttons-is-layout-flex\">\n<div class=\"wp-block-button is-style-outline is-style-outline--1\"><a class=\"wp-block-button__link wp-element-button\" href=\"https:\/\/gracias-algas.com\/es\/our-vision\/\">Saber m\u00e1s<\/a><\/div>\n<\/div>\n<\/div>\n\n\n\n<div class=\"wp-block-column is-vertically-aligned-center is-layout-flow wp-block-column-is-layout-flow\"><\/div>\n<\/div>\n\n\n\n<h2 class=\"alignfull has-text-align-center wp-block-heading\">COMPRA ALGAS DE ALTA CALIDAD<\/h2>\n\n\n\n<div class=\"wp-block-coblocks-services alignwide is-style-circle\"><div class=\"is-style-circle has-columns has-3-columns has-responsive-columns has-huge-gutter\">\n<div class=\"wp-block-coblocks-service\"><figure class=\"wp-block-coblocks-service__figure\"><a href=\"https:\/\/gracias-algas.com\/es\/categoria-producto\/red-algae\/\"><img decoding=\"async\" src=\"https:\/\/gracias-algas.com\/wp-content\/uploads\/2021\/03\/2.jpg\" alt=\"\"\/><\/a><\/figure><div class=\"wp-block-coblocks-service__content\">\n<p class=\"has-text-align-center has-custom-weight\" style=\"font-weight:bold;font-size:26px\">ALGA ROJA<\/p>\n\n\n\n<p><\/p>\n<\/div><\/div>\n\n\n\n<div class=\"wp-block-coblocks-service\"><figure class=\"wp-block-coblocks-service__figure\"><a href=\"https:\/\/gracias-algas.com\/es\/categoria-producto\/brown-algae\/\"><img decoding=\"async\" src=\"https:\/\/gracias-algas.com\/wp-content\/uploads\/2021\/03\/1.jpg\" alt=\"\"\/><\/a><\/figure><div class=\"wp-block-coblocks-service__content\">\n<p class=\"has-text-align-center\" style=\"font-size:26px\"><strong>ALGAS PARDAS<\/strong><\/p>\n\n\n\n<p class=\"has-text-align-center\"><\/p>\n<\/div><\/div>\n\n\n\n<div class=\"wp-block-coblocks-service\"><figure class=\"wp-block-coblocks-service__figure\"><a href=\"https:\/\/gracias-algas.com\/es\/categoria-producto\/green-algae\/\"><img decoding=\"async\" src=\"https:\/\/gracias-algas.com\/wp-content\/uploads\/2020\/11\/Bildschirmfoto-2020-11-27-um-11.30.45.png\" alt=\"\"\/><\/a><\/figure><div class=\"wp-block-coblocks-service__content\">\n<p class=\"has-text-align-center\" style=\"font-size:26px\"><strong>ALGA VERDE<\/strong><\/p>\n\n\n\n<p><\/p>\n<\/div><\/div>\n\n\n\n<div class=\"wp-block-coblocks-service\"><div class=\"wp-block-coblocks-service__content\">\n<h3 class=\"has-text-align-none wp-block-heading\"><\/h3>\n\n\n\n<p class=\"has-text-align-none\"><\/p>\n<\/div><\/div>\n<\/div><\/div>\n\n\n\n<div class=\"wp-block-columns alignfull is-layout-flex wp-container-core-columns-is-layout-2 wp-block-columns-is-layout-flex\">\n<div class=\"wp-block-column is-layout-flow wp-block-column-is-layout-flow\">\n<div class=\"wp-block-media-text alignfull is-stacked-on-mobile\"><figure class=\"wp-block-media-text__media\"><img loading=\"lazy\" decoding=\"async\" width=\"1024\" height=\"1024\" src=\"https:\/\/gracias-algas.com\/wp-content\/uploads\/2021\/03\/Untitled-design-2-1024x1024.jpg\" alt=\"\" class=\"wp-image-523 size-full\" srcset=\"https:\/\/gracias-algas.com\/wp-content\/uploads\/2021\/03\/Untitled-design-2-1024x1024.jpg 1024w, https:\/\/gracias-algas.com\/wp-content\/uploads\/2021\/03\/Untitled-design-2-300x300.jpg 300w, https:\/\/gracias-algas.com\/wp-content\/uploads\/2021\/03\/Untitled-design-2-150x150.jpg 150w, https:\/\/gracias-algas.com\/wp-content\/uploads\/2021\/03\/Untitled-design-2-768x768.jpg 768w, https:\/\/gracias-algas.com\/wp-content\/uploads\/2021\/03\/Untitled-design-2-480x480.jpg 480w, https:\/\/gracias-algas.com\/wp-content\/uploads\/2021\/03\/Untitled-design-2-100x100.jpg 100w, https:\/\/gracias-algas.com\/wp-content\/uploads\/2021\/03\/Untitled-design-2-1536x1536.jpg 1536w, https:\/\/gracias-algas.com\/wp-content\/uploads\/2021\/03\/Untitled-design-2-2048x2048.jpg 2048w, https:\/\/gracias-algas.com\/wp-content\/uploads\/2021\/03\/Untitled-design-2-12x12.jpg 12w, https:\/\/gracias-algas.com\/wp-content\/uploads\/2021\/03\/Untitled-design-2-600x600.jpg 600w\" sizes=\"auto, (max-width: 1024px) 100vw, 1024px\" \/><\/figure><div class=\"wp-block-media-text__content\">\n<h2 class=\"wp-block-heading\">Nuestro Proceso<\/h2>\n\n\n\n<p>Todos nuestros cultivos son off-shore, es decir, bajo el agua, donde plantamos Pelillo (Gracilaria Chilensis) en las costas de las regiones de Atacama y Coquimbo. En el caso de las algas de cosecha silvestre (wild harvest), como las algas pardas Irish Moss (Chondrus chrispus), trabajamos desde las regiones de Tarapac\u00e1 (I) hasta O\u2019Higgins (VI), haciendo recolecci\u00f3n a mano con buzos especializados trabajando con \u00e1reas de rotaci\u00f3n y calendarios de cosecha para preservar las zonas de manejo.<\/p>\n\n\n\n<p><\/p>\n\n\n\n<div class=\"wp-block-buttons is-layout-flex wp-block-buttons-is-layout-flex\">\n<div class=\"wp-block-button is-style-outline is-style-outline--2\"><a class=\"wp-block-button__link wp-element-button\" href=\"https:\/\/gracias-algas.com\/es\/our-process\/\">lea sobre nuestro proceso de producci\u00f3n<\/a><\/div>\n<\/div>\n<\/div><\/div>\n<\/div>\n<\/div>\n\n\n\n<h2 class=\"has-text-align-center wp-block-heading\">Gracias Algas Noticias<\/h2>\n\n\n\n<div class=\"wp-block-columns alignfull is-layout-flex wp-container-core-columns-is-layout-4 wp-block-columns-is-layout-flex\">\n<div class=\"wp-block-column is-layout-flow wp-block-column-is-layout-flow\" style=\"padding-top:var(--wp--preset--spacing--20);padding-right:var(--wp--preset--spacing--20);padding-bottom:var(--wp--preset--spacing--20);padding-left:var(--wp--preset--spacing--20)\">\n<figure class=\"wp-block-image size-large\"><img loading=\"lazy\" decoding=\"async\" width=\"1024\" height=\"614\" src=\"https:\/\/gracias-algas.com\/wp-content\/uploads\/2020\/11\/gracias-algas-wholesale-1024x614.jpg\" alt=\"seaweed and algae wholesale of sustainably sourced algae\" class=\"wp-image-700\" srcset=\"https:\/\/gracias-algas.com\/wp-content\/uploads\/2020\/11\/gracias-algas-wholesale-1024x614.jpg 1024w, https:\/\/gracias-algas.com\/wp-content\/uploads\/2020\/11\/gracias-algas-wholesale-300x180.jpg 300w, https:\/\/gracias-algas.com\/wp-content\/uploads\/2020\/11\/gracias-algas-wholesale-768x461.jpg 768w, https:\/\/gracias-algas.com\/wp-content\/uploads\/2020\/11\/gracias-algas-wholesale-1536x922.jpg 1536w, https:\/\/gracias-algas.com\/wp-content\/uploads\/2020\/11\/gracias-algas-wholesale-18x12.jpg 18w, https:\/\/gracias-algas.com\/wp-content\/uploads\/2020\/11\/gracias-algas-wholesale.jpg 2000w\" sizes=\"auto, (max-width: 1024px) 100vw, 1024px\" \/><\/figure>\n\n\n\n<h6 class=\"has-medium-font-size wp-block-heading\"><a href=\"https:\/\/gracias-algas.com\/es\/seaweed-as-a-protein-source\/\">Las algas como fuente de prote\u00edna para un futuro sostenible<\/a><\/h6>\n\n\n\n<p><\/p>\n\n\n\n<p class=\"translation-block\">A medida que la poblaci\u00f3n mundial contin\u00faa creciendo, hay una creciente necesidad de fuentes de alimentos sostenibles que puedan satisfacer las necesidades de una poblaci\u00f3n en crecimiento<\/p>\n<\/div>\n\n\n\n<div class=\"wp-block-column is-layout-flow wp-block-column-is-layout-flow\">\n<div class=\"wp-block-group\"><div class=\"wp-block-group__inner-container is-layout-constrained wp-block-group-is-layout-constrained\">\n<div class=\"wp-block-group\"><div class=\"wp-block-group__inner-container is-layout-constrained wp-block-group-is-layout-constrained\">\n<figure class=\"wp-block-image size-large\"><img loading=\"lazy\" decoding=\"async\" width=\"1024\" height=\"614\" src=\"https:\/\/gracias-algas.com\/wp-content\/uploads\/2023\/04\/algea-innovative-products-1024x614.jpg\" alt=\"gracias algas helps you to produce sustainable seaweed products\" class=\"wp-image-707\" srcset=\"https:\/\/gracias-algas.com\/wp-content\/uploads\/2023\/04\/algea-innovative-products-1024x614.jpg 1024w, https:\/\/gracias-algas.com\/wp-content\/uploads\/2023\/04\/algea-innovative-products-300x180.jpg 300w, https:\/\/gracias-algas.com\/wp-content\/uploads\/2023\/04\/algea-innovative-products-768x461.jpg 768w, https:\/\/gracias-algas.com\/wp-content\/uploads\/2023\/04\/algea-innovative-products-1536x922.jpg 1536w, https:\/\/gracias-algas.com\/wp-content\/uploads\/2023\/04\/algea-innovative-products-18x12.jpg 18w, https:\/\/gracias-algas.com\/wp-content\/uploads\/2023\/04\/algea-innovative-products.jpg 2000w\" sizes=\"auto, (max-width: 1024px) 100vw, 1024px\" \/><\/figure>\n<\/div><\/div>\n<\/div><\/div>\n\n\n\n<h5 class=\"has-medium-font-size wp-block-heading\"><a href=\"https:\/\/gracias-algas.com\/es\/exploring-the-potential-of-algae\/\">Innovative Algae Products: Exploring the Potential of Algae for Bioplastics, Biofuels&#8230;<\/a><\/h5>\n\n\n\n<p><\/p>\n\n\n\n<p>Las algas, un grupo diverso de organismos acu\u00e1ticos fotosint\u00e9ticos, han sido reconocidas desde hace tiempo como fuente de alimento y nutrici\u00f3n. Sin embargo, investigaciones recientes han demostrado que&nbsp;<a href=\"https:\/\/gracias-algas.com\/es\/wholesale-seaweed-products\/\">different types of algae<\/a>&nbsp;can also be used to create a range of innovative products with&#8230;<\/p>\n<\/div>\n\n\n\n<div class=\"wp-block-column is-layout-flow wp-block-column-is-layout-flow\">\n<figure class=\"wp-block-image size-large\"><img loading=\"lazy\" decoding=\"async\" width=\"1024\" height=\"614\" src=\"https:\/\/gracias-algas.com\/wp-content\/uploads\/2023\/04\/gracias-algas-traditional-seaweed-harvest-chile-1024x614.jpg\" alt=\"\" class=\"wp-image-704\" srcset=\"https:\/\/gracias-algas.com\/wp-content\/uploads\/2023\/04\/gracias-algas-traditional-seaweed-harvest-chile-1024x614.jpg 1024w, https:\/\/gracias-algas.com\/wp-content\/uploads\/2023\/04\/gracias-algas-traditional-seaweed-harvest-chile-300x180.jpg 300w, https:\/\/gracias-algas.com\/wp-content\/uploads\/2023\/04\/gracias-algas-traditional-seaweed-harvest-chile-768x461.jpg 768w, https:\/\/gracias-algas.com\/wp-content\/uploads\/2023\/04\/gracias-algas-traditional-seaweed-harvest-chile-1536x922.jpg 1536w, https:\/\/gracias-algas.com\/wp-content\/uploads\/2023\/04\/gracias-algas-traditional-seaweed-harvest-chile-18x12.jpg 18w, https:\/\/gracias-algas.com\/wp-content\/uploads\/2023\/04\/gracias-algas-traditional-seaweed-harvest-chile.jpg 2000w\" sizes=\"auto, (max-width: 1024px) 100vw, 1024px\" \/><\/figure>\n\n\n\n<h6 class=\"has-medium-font-size wp-block-heading\"><a href=\"https:\/\/gracias-algas.com\/es\/seaweed-harvesting-in-chile\/\">La tradici\u00f3n de la recolecci\u00f3n manual de algas en las comunidades costeras chilenas.<\/a><\/h6>\n\n\n\n<p><\/p>\n\n\n\n<p>La recolecci\u00f3n de algas ha sido practicada durante siglos, y en muchas partes del mundo todav\u00eda se realiza de manera manual por las comunidades locales. En Chile, la recolecci\u00f3n de algas marinas ha sido una tradici\u00f3n durante siglos, y contin\u00faa hasta el d\u00eda de hoy.&nbsp;<a href=\"https:\/\/gracias-algas.com\/es\/our-process\/\">En Chile, la cosecha de algas ha sido una tradici\u00f3n.<\/a>&nbsp;durante siglos, y hasta el d\u00eda de hoy.<\/p>\n\n\n\n<div class=\"wp-block-columns is-layout-flex wp-container-core-columns-is-layout-3 wp-block-columns-is-layout-flex\">\n<div class=\"wp-block-column is-layout-flow wp-block-column-is-layout-flow\" style=\"flex-basis:100%\"><\/div>\n<\/div>\n<\/div>\n<\/div>\n\n\n\n<div class=\"wp-block-group alignfull ext-my-0 editor:no-inserter\"><div class=\"wp-block-group__inner-container is-layout-constrained wp-block-group-is-layout-constrained\">\n<div class=\"wp-block-cover alignfull is-light has-parallax ext editor:no-inserter ext-my-0\" style=\"min-height:600px;aspect-ratio:unset;\"><span aria-hidden=\"true\" class=\"wp-block-cover__background has-primary-background-color has-background-dim\"><\/span><div role=\"img\" class=\"wp-block-cover__image-background wp-image-180 has-parallax\" style=\"background-position:50% 50%;background-image:url(https:\/\/gracias-algas.com\/wp-content\/uploads\/2020\/11\/Belicecosecharlosmares-scaled.jpg)\"><\/div><div class=\"wp-block-cover__inner-container is-layout-flow wp-block-cover-is-layout-flow\">\n<h2 class=\"alignwide has-text-align-center ext-mb-base ext-mt-0 has-white-color has-text-color has-ext-x-large-font-size wp-block-heading\" id=\"ready-to-get-started\">Comun\u00edcate con nuestro equipo <\/h2>\n\n\n\n<p class=\"has-text-align-center has-quaternary-color has-text-color has-large-font-size\" style=\"font-size:27px\">Y explora las muchas opciones que ofrecemos a nuestros clientes, desarrollando productos de algas de vanguardia para tu mercado<\/p>\n\n\n\n<div class=\"wp-block-buttons alignwide is-horizontal is-content-justification-center is-layout-flex wp-container-core-buttons-is-layout-4 wp-block-buttons-is-layout-flex\">\n<div class=\"wp-block-button\"><a class=\"wp-block-button__link has-black-color has-white-background-color has-text-color has-background wp-element-button\" href=\"https:\/\/gracias-algas.com\/es\/contact-gracias-algas\/\">Cont\u00e1ctanos ahora<\/a><\/div>\n<\/div>\n<\/div><\/div>\n<\/div><\/div>","protected":false},"excerpt":{"rendered":"<p>Las algas, un grupo diverso de organismos acu\u00e1ticos fotosint\u00e9ticos, han sido reconocidas desde hace tiempo como fuente de alimento y nutrici\u00f3n. Sin embargo, investigaciones recientes han demostrado que\u00a0<a href=\"https:\/\/gracias-algas.com\/es\/wholesale-seaweed-products\/\">different types of algae<\/a>\u00a0can also be used to create a range of innovative products with unique properties and applications.\u00a0<\/p>","protected":false},"author":2,"featured_media":0,"parent":0,"menu_order":0,"comment_status":"closed","ping_status":"closed","template":"","meta":{"_coblocks_attr":"AntonOswald,","_coblocks_dimensions":"","_coblocks_responsive_height":"{\"coblocks-shape-divider-12224341578\":{\"backgroundHeight\":{\"height\":20}}}","_coblocks_accordion_ie_support":"","hide_page_title":"","footnotes":""},"class_list":["post-390","page","type-page","status-publish","hentry"],"yoast_head":"<!-- This site is optimized with the Yoast SEO plugin v26.2 - https:\/\/yoast.com\/wordpress\/plugins\/seo\/ -->\n<title>Quality seaweed wholesale<\/title>\n<meta name=\"description\" content=\"Chile based Gracias algas sells quality seaweed to growth business, offering sea moss, cochayuyo, carrageenan, agar agar in bulk.\" \/>\n<meta name=\"robots\" content=\"index, follow, max-snippet:-1, max-image-preview:large, max-video-preview:-1\" \/>\n<link rel=\"canonical\" href=\"https:\/\/gracias-algas.com\/es\/\" \/>\n<meta property=\"og:locale\" content=\"es_ES\" \/>\n<meta property=\"og:type\" content=\"article\" \/>\n<meta property=\"og:title\" content=\"Quality seaweed wholesale\" \/>\n<meta property=\"og:description\" content=\"Chile based Gracias algas sells quality seaweed to growth business, offering sea moss, cochayuyo, carrageenan, agar agar in bulk.\" \/>\n<meta property=\"og:url\" content=\"https:\/\/gracias-algas.com\/es\/\" \/>\n<meta property=\"article:modified_time\" content=\"2023-04-23T07:55:16+00:00\" \/>\n<meta property=\"og:image\" content=\"https:\/\/gracias-algas.com\/wp-content\/uploads\/2021\/02\/cropped-gracias-algas-chile-seaweed-wholesale-scaled-1.jpg\" \/>\n<meta name=\"twitter:card\" content=\"summary_large_image\" \/>\n<meta name=\"twitter:label1\" content=\"Tiempo de lectura\" \/>\n\t<meta name=\"twitter:data1\" content=\"4 minutos\" \/>\n<script type=\"application\/ld+json\" class=\"yoast-schema-graph\">{\"@context\":\"https:\/\/schema.org\",\"@graph\":[{\"@type\":\"WebPage\",\"@id\":\"https:\/\/gracias-algas.com\/en\/\",\"url\":\"https:\/\/gracias-algas.com\/en\/\",\"name\":\"Quality seaweed wholesale\",\"isPartOf\":{\"@id\":\"https:\/\/gracias-algas.com\/en\/#website\"},\"primaryImageOfPage\":{\"@id\":\"https:\/\/gracias-algas.com\/en\/#primaryimage\"},\"image\":{\"@id\":\"https:\/\/gracias-algas.com\/en\/#primaryimage\"},\"thumbnailUrl\":\"https:\/\/gracias-algas.com\/wp-content\/uploads\/2021\/02\/cropped-gracias-algas-chile-seaweed-wholesale-scaled-1.jpg\",\"datePublished\":\"2021-02-02T21:51:54+00:00\",\"dateModified\":\"2023-04-23T07:55:16+00:00\",\"description\":\"Chile based Gracias algas sells quality seaweed to growth business, offering sea moss, cochayuyo, carrageenan, agar agar in bulk.\",\"breadcrumb\":{\"@id\":\"https:\/\/gracias-algas.com\/en\/#breadcrumb\"},\"inLanguage\":\"es\",\"potentialAction\":[{\"@type\":\"ReadAction\",\"target\":[\"https:\/\/gracias-algas.com\/en\/\"]}]},{\"@type\":\"ImageObject\",\"inLanguage\":\"es\",\"@id\":\"https:\/\/gracias-algas.com\/en\/#primaryimage\",\"url\":\"https:\/\/gracias-algas.com\/wp-content\/uploads\/2021\/02\/cropped-gracias-algas-chile-seaweed-wholesale-scaled-1.jpg\",\"contentUrl\":\"https:\/\/gracias-algas.com\/wp-content\/uploads\/2021\/02\/cropped-gracias-algas-chile-seaweed-wholesale-scaled-1.jpg\"},{\"@type\":\"BreadcrumbList\",\"@id\":\"https:\/\/gracias-algas.com\/en\/#breadcrumb\",\"itemListElement\":[{\"@type\":\"ListItem\",\"position\":1,\"name\":\"Startseite\",\"item\":\"https:\/\/gracias-algas.com\/en\/\"},{\"@type\":\"ListItem\",\"position\":2,\"name\":\"Home\"}]},{\"@type\":\"WebSite\",\"@id\":\"https:\/\/gracias-algas.com\/en\/#website\",\"url\":\"https:\/\/gracias-algas.com\/en\/\",\"name\":\"\",\"description\":\"\",\"publisher\":{\"@id\":\"https:\/\/gracias-algas.com\/en\/#organization\"},\"potentialAction\":[{\"@type\":\"SearchAction\",\"target\":{\"@type\":\"EntryPoint\",\"urlTemplate\":\"https:\/\/gracias-algas.com\/en\/?s={search_term_string}\"},\"query-input\":{\"@type\":\"PropertyValueSpecification\",\"valueRequired\":true,\"valueName\":\"search_term_string\"}}],\"inLanguage\":\"es\"},{\"@type\":\"Organization\",\"@id\":\"https:\/\/gracias-algas.com\/en\/#organization\",\"name\":\"Gracias Algas\",\"url\":\"https:\/\/gracias-algas.com\/en\/\",\"logo\":{\"@type\":\"ImageObject\",\"inLanguage\":\"es\",\"@id\":\"https:\/\/gracias-algas.com\/en\/#\/schema\/logo\/image\/\",\"url\":\"https:\/\/secureservercdn.net\/160.153.137.218\/hn1.a7f.myftpupload.com\/wp-content\/uploads\/2020\/11\/gracias-algas.png?time=1624541328\",\"contentUrl\":\"https:\/\/secureservercdn.net\/160.153.137.218\/hn1.a7f.myftpupload.com\/wp-content\/uploads\/2020\/11\/gracias-algas.png?time=1624541328\",\"width\":2126,\"height\":2126,\"caption\":\"Gracias Algas\"},\"image\":{\"@id\":\"https:\/\/gracias-algas.com\/en\/#\/schema\/logo\/image\/\"}}]}<\/script>\n<!-- \/ Yoast SEO plugin. -->","yoast_head_json":{"title":"Quality seaweed wholesale","description":"Chile based Gracias algas sells quality seaweed to growth business, offering sea moss, cochayuyo, carrageenan, agar agar in bulk.","robots":{"index":"index","follow":"follow","max-snippet":"max-snippet:-1","max-image-preview":"max-image-preview:large","max-video-preview":"max-video-preview:-1"},"canonical":"https:\/\/gracias-algas.com\/es\/","og_locale":"es_ES","og_type":"article","og_title":"Quality seaweed wholesale","og_description":"Chile based Gracias algas sells quality seaweed to growth business, offering sea moss, cochayuyo, carrageenan, agar agar in bulk.","og_url":"https:\/\/gracias-algas.com\/es\/","article_modified_time":"2023-04-23T07:55:16+00:00","og_image":[{"url":"https:\/\/gracias-algas.com\/wp-content\/uploads\/2021\/02\/cropped-gracias-algas-chile-seaweed-wholesale-scaled-1.jpg","type":"","width":"","height":""}],"twitter_card":"summary_large_image","twitter_misc":{"Tiempo de lectura":"4 minutos"},"schema":{"@context":"https:\/\/schema.org","@graph":[{"@type":"WebPage","@id":"https:\/\/gracias-algas.com\/en\/","url":"https:\/\/gracias-algas.com\/en\/","name":"Quality seaweed wholesale","isPartOf":{"@id":"https:\/\/gracias-algas.com\/en\/#website"},"primaryImageOfPage":{"@id":"https:\/\/gracias-algas.com\/en\/#primaryimage"},"image":{"@id":"https:\/\/gracias-algas.com\/en\/#primaryimage"},"thumbnailUrl":"https:\/\/gracias-algas.com\/wp-content\/uploads\/2021\/02\/cropped-gracias-algas-chile-seaweed-wholesale-scaled-1.jpg","datePublished":"2021-02-02T21:51:54+00:00","dateModified":"2023-04-23T07:55:16+00:00","description":"Chile based Gracias algas sells quality seaweed to growth business, offering sea moss, cochayuyo, carrageenan, agar agar in bulk.","breadcrumb":{"@id":"https:\/\/gracias-algas.com\/en\/#breadcrumb"},"inLanguage":"es","potentialAction":[{"@type":"ReadAction","target":["https:\/\/gracias-algas.com\/en\/"]}]},{"@type":"ImageObject","inLanguage":"es","@id":"https:\/\/gracias-algas.com\/en\/#primaryimage","url":"https:\/\/gracias-algas.com\/wp-content\/uploads\/2021\/02\/cropped-gracias-algas-chile-seaweed-wholesale-scaled-1.jpg","contentUrl":"https:\/\/gracias-algas.com\/wp-content\/uploads\/2021\/02\/cropped-gracias-algas-chile-seaweed-wholesale-scaled-1.jpg"},{"@type":"BreadcrumbList","@id":"https:\/\/gracias-algas.com\/en\/#breadcrumb","itemListElement":[{"@type":"ListItem","position":1,"name":"Startseite","item":"https:\/\/gracias-algas.com\/en\/"},{"@type":"ListItem","position":2,"name":"Home"}]},{"@type":"WebSite","@id":"https:\/\/gracias-algas.com\/en\/#website","url":"https:\/\/gracias-algas.com\/en\/","name":"","description":"","publisher":{"@id":"https:\/\/gracias-algas.com\/en\/#organization"},"potentialAction":[{"@type":"SearchAction","target":{"@type":"EntryPoint","urlTemplate":"https:\/\/gracias-algas.com\/en\/?s={search_term_string}"},"query-input":{"@type":"PropertyValueSpecification","valueRequired":true,"valueName":"search_term_string"}}],"inLanguage":"es"},{"@type":"Organization","@id":"https:\/\/gracias-algas.com\/en\/#organization","name":"Gracias Algas","url":"https:\/\/gracias-algas.com\/en\/","logo":{"@type":"ImageObject","inLanguage":"es","@id":"https:\/\/gracias-algas.com\/en\/#\/schema\/logo\/image\/","url":"https:\/\/secureservercdn.net\/160.153.137.218\/hn1.a7f.myftpupload.com\/wp-content\/uploads\/2020\/11\/gracias-algas.png?time=1624541328","contentUrl":"https:\/\/secureservercdn.net\/160.153.137.218\/hn1.a7f.myftpupload.com\/wp-content\/uploads\/2020\/11\/gracias-algas.png?time=1624541328","width":2126,"height":2126,"caption":"Gracias Algas"},"image":{"@id":"https:\/\/gracias-algas.com\/en\/#\/schema\/logo\/image\/"}}]}},"_links":{"self":[{"href":"https:\/\/gracias-algas.com\/es\/wp-json\/wp\/v2\/pages\/390","targetHints":{"allow":["GET"]}}],"collection":[{"href":"https:\/\/gracias-algas.com\/es\/wp-json\/wp\/v2\/pages"}],"about":[{"href":"https:\/\/gracias-algas.com\/es\/wp-json\/wp\/v2\/types\/page"}],"author":[{"embeddable":true,"href":"https:\/\/gracias-algas.com\/es\/wp-json\/wp\/v2\/users\/2"}],"replies":[{"embeddable":true,"href":"https:\/\/gracias-algas.com\/es\/wp-json\/wp\/v2\/comments?post=390"}],"version-history":[{"count":98,"href":"https:\/\/gracias-algas.com\/es\/wp-json\/wp\/v2\/pages\/390\/revisions"}],"predecessor-version":[{"id":746,"href":"https:\/\/gracias-algas.com\/es\/wp-json\/wp\/v2\/pages\/390\/revisions\/746"}],"wp:attachment":[{"href":"https:\/\/gracias-algas.com\/es\/wp-json\/wp\/v2\/media?parent=390"}],"curies":[{"name":"wp","href":"https:\/\/api.w.org\/{rel}","templated":true}]}}