{"id":476,"date":"2021-02-03T11:28:07","date_gmt":"2021-02-03T11:28:07","guid":{"rendered":"https:\/\/gracias-algas.com\/?page_id=476"},"modified":"2023-04-23T09:20:48","modified_gmt":"2023-04-23T09:20:48","slug":"our-process","status":"publish","type":"page","link":"https:\/\/gracias-algas.com\/es\/our-process\/","title":{"rendered":"Proceso"},"content":{"rendered":"<p><strong>En Algas MG Ortiz nos dedicamos a hacer el cultivo, la cosecha y el secado de nuestras algas, siguiendo los est\u00e1ndares del mercado al cual estamos exportando.<\/strong><\/p>\n\n\n\n<p>Todos nuestros cultivos son off-shore, es decir, bajo el agua, donde plantamos Pelillo (Gracilaria Chilensis) en las costas de las regiones de Atacama y Coquimbo. En el caso de las algas de cosecha silvestre (wild harvest), como las algas pardas Irish Moss (Chondrus chrispus), trabajamos desde las regiones de Tarapac\u00e1 (I) hasta O\u2019Higgins (VI), haciendo recolecci\u00f3n a mano con buzos especializados trabajando con \u00e1reas de rotaci\u00f3n y calendarios de cosecha para preservar las zonas de manejo.<\/p>\n\n\n\n<p>Adem\u00e1s estamos asociados con los recolectores orilleros de la zona, a quienes les compramos las algas que recogen de nuestras \u00e1reas de manejo, generando recursos en la zona y manteniendo la colaboraci\u00f3n junto a la comunidad.<\/p>\n\n\n\n<p>Luego trabajamos los procesos de secado, que son distintos dependiendo del uso que se le vaya a dar a las algas. En el caso de las algas para consumo alimenticio, \u00e9stas se secan en camas de secado al sol, luego de pasar por un proceso de lavado en agua dulce.<\/p>\n\n\n\n<figure class=\"wp-block-gallery has-nested-images columns-default is-cropped wp-block-gallery-1 is-layout-flex wp-block-gallery-is-layout-flex\">\n<figure class=\"wp-block-image size-large is-style-rounded coblocks-animate\" data-coblocks-animation=\"slideInLeft\"><img loading=\"lazy\" decoding=\"async\" width=\"1024\" height=\"683\" data-id=\"233\" src=\"https:\/\/gracias-algas.com\/wp-content\/uploads\/2021\/02\/gracias-algas-seamoss-production-1024x683.jpg\" alt=\"\" class=\"wp-image-233\" srcset=\"https:\/\/gracias-algas.com\/wp-content\/uploads\/2021\/02\/gracias-algas-seamoss-production-1024x683.jpg 1024w, https:\/\/gracias-algas.com\/wp-content\/uploads\/2021\/02\/gracias-algas-seamoss-production-scaled-600x400.jpg 600w, https:\/\/gracias-algas.com\/wp-content\/uploads\/2021\/02\/gracias-algas-seamoss-production-300x200.jpg 300w, https:\/\/gracias-algas.com\/wp-content\/uploads\/2021\/02\/gracias-algas-seamoss-production-768x512.jpg 768w, https:\/\/gracias-algas.com\/wp-content\/uploads\/2021\/02\/gracias-algas-seamoss-production-1536x1024.jpg 1536w, https:\/\/gracias-algas.com\/wp-content\/uploads\/2021\/02\/gracias-algas-seamoss-production-2048x1365.jpg 2048w, https:\/\/gracias-algas.com\/wp-content\/uploads\/2021\/02\/gracias-algas-seamoss-production-16x12.jpg 16w\" sizes=\"auto, (max-width: 1024px) 100vw, 1024px\" \/><figcaption class=\"wp-element-caption\">Lavado<\/figcaption><\/figure>\n<\/figure>\n\n\n\n<div class=\"wp-block-columns is-layout-flex wp-container-core-columns-is-layout-1 wp-block-columns-is-layout-flex\">\n<div class=\"wp-block-column is-layout-flow wp-block-column-is-layout-flow\">\n<h5 class=\"wp-block-heading\">1. SIEMBRA<\/h5>\n\n\n\n<p>A excepci\u00f3n de la Gracilaria, las algas crecen de manera natural en las costas chilenas. \nCon el fin de mantener el recurso y hacerlo sustentable en el tiempo, la Gracilaria es sembrada en \u00e1reas de acuicultura, de manera manual por buzos que - utilizando dragas en el fondo marino- plantan 4 matas por metro cuadrado, alcanzando su talla de cosecha en aproximadamente 21 d\u00edas en per\u00edodo de verano.<\/p>\n<\/div>\n\n\n\n<div class=\"wp-block-column is-layout-flow wp-block-column-is-layout-flow\">\n<h5 class=\"has-text-align-left wp-block-heading\">2. COSECHA<\/h5>\n\n\n\n<p>Las algas se cosechan por buzos, que peinan las algas manualmente, evitando da\u00f1ar el recurso y recogiendo s\u00f3lo lo que se desprende naturalmente, sin necesidad de cortar las matas. Mientras tanto, las matas que quedan vuelven a crecer para la siguiente cosecha.<\/p>\n<\/div>\n\n\n\n<div class=\"wp-block-column is-layout-flow wp-block-column-is-layout-flow\">\n<h5 class=\"has-text-align-left wp-block-heading\">3. SELECCI\u00d3N<\/h5>\n\n\n\n<p>Los orilleros recogen las algas a mano, para luego seleccionarlas y separarlas para su uso industrial y alimenticio. En el caso de las algas de uso alimenticio, \u00e9stas son limpiadas manualmente en la playa, donde se les quitan los epifitos y se utilizan aquellas que son m\u00e1s vigorosas.<\/p>\n<\/div>\n<\/div>\n\n\n\n<div class=\"wp-block-columns is-layout-flex wp-container-core-columns-is-layout-2 wp-block-columns-is-layout-flex\">\n<div class=\"wp-block-column is-layout-flow wp-block-column-is-layout-flow\">\n<h5 class=\"wp-block-heading\">4. SECADO<\/h5>\n\n\n\n<p>Las algas de uso industrial son secadas al sol en terrenos, mientras que nuestras algas de uso alimenticio son seleccionadas en la playa, donde reciben un primer lavado con agua de mar y son puestas en mallas de secado previo a su limpieza en planta.<\/p>\n<\/div>\n\n\n\n<div class=\"wp-block-column is-layout-flow wp-block-column-is-layout-flow\">\n<h5 class=\"wp-block-heading\">5.LIMPIEZA Y LAVADO<\/h5>\n\n\n\n<p>Luego de su primer lavado en la playa con agua de mar, las algas pasan a nuestra planta en Coquimbo, donde son seleccionadas a mano, donde se les quitan los epifitos y se lavan en tinas con agua dulce de pozo, manteniendo un proceso 100% natural.<\/p>\n<\/div>\n\n\n\n<div class=\"wp-block-column is-layout-flow wp-block-column-is-layout-flow\">\n<h5 class=\"wp-block-heading\">6.BLANQUEADO<\/h5>\n\n\n\n<p>Las algas ya lavadas son secadas en camas de secado al sol, donde se decoloran naturalmente<\/p>\n<\/div>\n<\/div>","protected":false},"excerpt":{"rendered":"<p>At \u201cAlgas MG Ortiz\u201d, we are dedicated to maintaining the highest standards at every part of our aquafarming process, ensuring that all of our exported products are of the best possible quality. All of our crops are off-shore, meaning in deep water, off the coast of the Atacama and Coquimbo regions where we plant Sea [&hellip;]<\/p>","protected":false},"author":2,"featured_media":0,"parent":0,"menu_order":0,"comment_status":"closed","ping_status":"closed","template":"","meta":{"_coblocks_attr":"","_coblocks_dimensions":"","_coblocks_responsive_height":"","_coblocks_accordion_ie_support":"","hide_page_title":"","footnotes":""},"class_list":["post-476","page","type-page","status-publish","hentry"],"yoast_head":"<!-- This site is optimized with the Yoast SEO plugin v26.2 - https:\/\/yoast.com\/wordpress\/plugins\/seo\/ -->\n<title>We are dedicated to our high quality process in aquafarming<\/title>\n<meta name=\"description\" content=\"At Gracias Algas, we offer highest standards at every part of our aquafarming process to provide wholesale quality seaweed\" \/>\n<meta name=\"robots\" content=\"index, follow, max-snippet:-1, max-image-preview:large, max-video-preview:-1\" \/>\n<link rel=\"canonical\" href=\"https:\/\/gracias-algas.com\/es\/our-process\/\" \/>\n<meta property=\"og:locale\" content=\"es_ES\" \/>\n<meta property=\"og:type\" content=\"article\" \/>\n<meta property=\"og:title\" content=\"We are dedicated to our high quality process in aquafarming\" \/>\n<meta property=\"og:description\" content=\"At Gracias Algas, we offer highest standards at every part of our aquafarming process to provide wholesale quality seaweed\" \/>\n<meta property=\"og:url\" content=\"https:\/\/gracias-algas.com\/es\/our-process\/\" \/>\n<meta property=\"article:modified_time\" content=\"2023-04-23T09:20:48+00:00\" \/>\n<meta property=\"og:image\" content=\"https:\/\/gracias-algas.com\/wp-content\/uploads\/2021\/02\/gracias-algas-seamoss-production-1024x683.jpg\" \/>\n<meta name=\"twitter:card\" content=\"summary_large_image\" \/>\n<meta name=\"twitter:label1\" content=\"Tiempo de lectura\" \/>\n\t<meta name=\"twitter:data1\" content=\"3 minutos\" \/>\n<script type=\"application\/ld+json\" class=\"yoast-schema-graph\">{\"@context\":\"https:\/\/schema.org\",\"@graph\":[{\"@type\":\"WebPage\",\"@id\":\"https:\/\/gracias-algas.com\/our-process\/\",\"url\":\"https:\/\/gracias-algas.com\/our-process\/\",\"name\":\"We are dedicated to our high quality process in aquafarming\",\"isPartOf\":{\"@id\":\"https:\/\/gracias-algas.com\/en\/#website\"},\"primaryImageOfPage\":{\"@id\":\"https:\/\/gracias-algas.com\/our-process\/#primaryimage\"},\"image\":{\"@id\":\"https:\/\/gracias-algas.com\/our-process\/#primaryimage\"},\"thumbnailUrl\":\"https:\/\/gracias-algas.com\/wp-content\/uploads\/2021\/02\/gracias-algas-seamoss-production-1024x683.jpg\",\"datePublished\":\"2021-02-03T11:28:07+00:00\",\"dateModified\":\"2023-04-23T09:20:48+00:00\",\"description\":\"At Gracias Algas, we offer highest standards at every part of our aquafarming process to provide wholesale quality seaweed\",\"breadcrumb\":{\"@id\":\"https:\/\/gracias-algas.com\/our-process\/#breadcrumb\"},\"inLanguage\":\"es\",\"potentialAction\":[{\"@type\":\"ReadAction\",\"target\":[\"https:\/\/gracias-algas.com\/our-process\/\"]}]},{\"@type\":\"ImageObject\",\"inLanguage\":\"es\",\"@id\":\"https:\/\/gracias-algas.com\/our-process\/#primaryimage\",\"url\":\"https:\/\/gracias-algas.com\/wp-content\/uploads\/2021\/02\/gracias-algas-seamoss-production-1024x683.jpg\",\"contentUrl\":\"https:\/\/gracias-algas.com\/wp-content\/uploads\/2021\/02\/gracias-algas-seamoss-production-1024x683.jpg\"},{\"@type\":\"BreadcrumbList\",\"@id\":\"https:\/\/gracias-algas.com\/our-process\/#breadcrumb\",\"itemListElement\":[{\"@type\":\"ListItem\",\"position\":1,\"name\":\"Startseite\",\"item\":\"https:\/\/gracias-algas.com\/en\/\"},{\"@type\":\"ListItem\",\"position\":2,\"name\":\"Our process\"}]},{\"@type\":\"WebSite\",\"@id\":\"https:\/\/gracias-algas.com\/en\/#website\",\"url\":\"https:\/\/gracias-algas.com\/en\/\",\"name\":\"\",\"description\":\"\",\"publisher\":{\"@id\":\"https:\/\/gracias-algas.com\/en\/#organization\"},\"potentialAction\":[{\"@type\":\"SearchAction\",\"target\":{\"@type\":\"EntryPoint\",\"urlTemplate\":\"https:\/\/gracias-algas.com\/en\/?s={search_term_string}\"},\"query-input\":{\"@type\":\"PropertyValueSpecification\",\"valueRequired\":true,\"valueName\":\"search_term_string\"}}],\"inLanguage\":\"es\"},{\"@type\":\"Organization\",\"@id\":\"https:\/\/gracias-algas.com\/en\/#organization\",\"name\":\"Gracias Algas\",\"url\":\"https:\/\/gracias-algas.com\/en\/\",\"logo\":{\"@type\":\"ImageObject\",\"inLanguage\":\"es\",\"@id\":\"https:\/\/gracias-algas.com\/en\/#\/schema\/logo\/image\/\",\"url\":\"https:\/\/secureservercdn.net\/160.153.137.218\/hn1.a7f.myftpupload.com\/wp-content\/uploads\/2020\/11\/gracias-algas.png?time=1624541328\",\"contentUrl\":\"https:\/\/secureservercdn.net\/160.153.137.218\/hn1.a7f.myftpupload.com\/wp-content\/uploads\/2020\/11\/gracias-algas.png?time=1624541328\",\"width\":2126,\"height\":2126,\"caption\":\"Gracias Algas\"},\"image\":{\"@id\":\"https:\/\/gracias-algas.com\/en\/#\/schema\/logo\/image\/\"}}]}<\/script>\n<!-- \/ Yoast SEO plugin. -->","yoast_head_json":{"title":"We are dedicated to our high quality process in aquafarming","description":"At Gracias Algas, we offer highest standards at every part of our aquafarming process to provide wholesale quality seaweed","robots":{"index":"index","follow":"follow","max-snippet":"max-snippet:-1","max-image-preview":"max-image-preview:large","max-video-preview":"max-video-preview:-1"},"canonical":"https:\/\/gracias-algas.com\/es\/our-process\/","og_locale":"es_ES","og_type":"article","og_title":"We are dedicated to our high quality process in aquafarming","og_description":"At Gracias Algas, we offer highest standards at every part of our aquafarming process to provide wholesale quality seaweed","og_url":"https:\/\/gracias-algas.com\/es\/our-process\/","article_modified_time":"2023-04-23T09:20:48+00:00","og_image":[{"url":"https:\/\/gracias-algas.com\/wp-content\/uploads\/2021\/02\/gracias-algas-seamoss-production-1024x683.jpg","type":"","width":"","height":""}],"twitter_card":"summary_large_image","twitter_misc":{"Tiempo de lectura":"3 minutos"},"schema":{"@context":"https:\/\/schema.org","@graph":[{"@type":"WebPage","@id":"https:\/\/gracias-algas.com\/our-process\/","url":"https:\/\/gracias-algas.com\/our-process\/","name":"We are dedicated to our high quality process in aquafarming","isPartOf":{"@id":"https:\/\/gracias-algas.com\/en\/#website"},"primaryImageOfPage":{"@id":"https:\/\/gracias-algas.com\/our-process\/#primaryimage"},"image":{"@id":"https:\/\/gracias-algas.com\/our-process\/#primaryimage"},"thumbnailUrl":"https:\/\/gracias-algas.com\/wp-content\/uploads\/2021\/02\/gracias-algas-seamoss-production-1024x683.jpg","datePublished":"2021-02-03T11:28:07+00:00","dateModified":"2023-04-23T09:20:48+00:00","description":"At Gracias Algas, we offer highest standards at every part of our aquafarming process to provide wholesale quality seaweed","breadcrumb":{"@id":"https:\/\/gracias-algas.com\/our-process\/#breadcrumb"},"inLanguage":"es","potentialAction":[{"@type":"ReadAction","target":["https:\/\/gracias-algas.com\/our-process\/"]}]},{"@type":"ImageObject","inLanguage":"es","@id":"https:\/\/gracias-algas.com\/our-process\/#primaryimage","url":"https:\/\/gracias-algas.com\/wp-content\/uploads\/2021\/02\/gracias-algas-seamoss-production-1024x683.jpg","contentUrl":"https:\/\/gracias-algas.com\/wp-content\/uploads\/2021\/02\/gracias-algas-seamoss-production-1024x683.jpg"},{"@type":"BreadcrumbList","@id":"https:\/\/gracias-algas.com\/our-process\/#breadcrumb","itemListElement":[{"@type":"ListItem","position":1,"name":"Startseite","item":"https:\/\/gracias-algas.com\/en\/"},{"@type":"ListItem","position":2,"name":"Our process"}]},{"@type":"WebSite","@id":"https:\/\/gracias-algas.com\/en\/#website","url":"https:\/\/gracias-algas.com\/en\/","name":"","description":"","publisher":{"@id":"https:\/\/gracias-algas.com\/en\/#organization"},"potentialAction":[{"@type":"SearchAction","target":{"@type":"EntryPoint","urlTemplate":"https:\/\/gracias-algas.com\/en\/?s={search_term_string}"},"query-input":{"@type":"PropertyValueSpecification","valueRequired":true,"valueName":"search_term_string"}}],"inLanguage":"es"},{"@type":"Organization","@id":"https:\/\/gracias-algas.com\/en\/#organization","name":"Gracias Algas","url":"https:\/\/gracias-algas.com\/en\/","logo":{"@type":"ImageObject","inLanguage":"es","@id":"https:\/\/gracias-algas.com\/en\/#\/schema\/logo\/image\/","url":"https:\/\/secureservercdn.net\/160.153.137.218\/hn1.a7f.myftpupload.com\/wp-content\/uploads\/2020\/11\/gracias-algas.png?time=1624541328","contentUrl":"https:\/\/secureservercdn.net\/160.153.137.218\/hn1.a7f.myftpupload.com\/wp-content\/uploads\/2020\/11\/gracias-algas.png?time=1624541328","width":2126,"height":2126,"caption":"Gracias Algas"},"image":{"@id":"https:\/\/gracias-algas.com\/en\/#\/schema\/logo\/image\/"}}]}},"_links":{"self":[{"href":"https:\/\/gracias-algas.com\/es\/wp-json\/wp\/v2\/pages\/476","targetHints":{"allow":["GET"]}}],"collection":[{"href":"https:\/\/gracias-algas.com\/es\/wp-json\/wp\/v2\/pages"}],"about":[{"href":"https:\/\/gracias-algas.com\/es\/wp-json\/wp\/v2\/types\/page"}],"author":[{"embeddable":true,"href":"https:\/\/gracias-algas.com\/es\/wp-json\/wp\/v2\/users\/2"}],"replies":[{"embeddable":true,"href":"https:\/\/gracias-algas.com\/es\/wp-json\/wp\/v2\/comments?post=476"}],"version-history":[{"count":15,"href":"https:\/\/gracias-algas.com\/es\/wp-json\/wp\/v2\/pages\/476\/revisions"}],"predecessor-version":[{"id":758,"href":"https:\/\/gracias-algas.com\/es\/wp-json\/wp\/v2\/pages\/476\/revisions\/758"}],"wp:attachment":[{"href":"https:\/\/gracias-algas.com\/es\/wp-json\/wp\/v2\/media?parent=476"}],"curies":[{"name":"wp","href":"https:\/\/api.w.org\/{rel}","templated":true}]}}