{"id":70,"date":"2020-11-23T14:13:02","date_gmt":"2020-11-23T14:13:02","guid":{"rendered":"https:\/\/gracias-algas.com\/?page_id=70"},"modified":"2021-04-13T20:44:27","modified_gmt":"2021-04-13T20:44:27","slug":"about-wholesale-seaweed-supplier","status":"publish","type":"page","link":"https:\/\/gracias-algas.com\/es\/about-wholesale-seaweed-supplier\/","title":{"rendered":"Sobre nosotros"},"content":{"rendered":"<p><strong>Gracias Algas es una empresa mayorista de algas marinas con sede en Chile, que ofrece cantidades de algas org\u00e1nicas, de alta calidad y a granel en todo el mundo.<\/strong><\/p>\n\n\n\n<p>Fundamos Gracias Algas \u201cAlgas MG Ortiz\u201d como una empresa familiar que se inici\u00f3 en el norte de Chile, en la regi\u00f3n de Coquimbo. <\/p>\n\n\n\n<p>Nuestra historia se remonta a principios de los a\u00f1os 90. Entonces, Mar\u00eda Graciela Ortiz, estudi\u00f3 biolog\u00eda marina y su marido, Rub\u00e9n Rojas (ingeniero en acuicultura), encontraron una oportunidad de negocio cultivando, manipulando y cosechando algas, teniendo la posibilidad de trabajar con los mercados m\u00e1s importantes de Asia. <\/p>\n\n\n\n<p>Despu\u00e9s de un par de a\u00f1os, Mar\u00eda Graciela inici\u00f3 una nueva empresa dedicada exclusivamente a la comercializaci\u00f3n y exportaci\u00f3n de algas, trabajando con comunidades y asociaciones de pescadores no industriales. Creemos en la calidad, llevando a cabo todo el proceso de cultivo, recolecci\u00f3n, secado y exportaci\u00f3n de algas, siempre de la mano del trabajo colaborativo y el comercio justo.<\/p>\n\n\n\n<div class=\"wp-block-buttons is-layout-flex wp-block-buttons-is-layout-flex\">\n<div class=\"wp-block-button\"><a class=\"wp-block-button__link\" href=\"https:\/\/gracias-algas.com\/es\/categoria-producto\/all-products\/\">descubra m\u00e1s sobre nuestros productos<\/a><\/div>\n<\/div>\n\n\n\n<p><\/p>","protected":false},"excerpt":{"rendered":"<p>Gracias Algas is a Chile based seaweed wholesale company, offering organic, high quality and bulk quantities of seaweed worldwide. We founded Gracias Algas \u201cAlgas MG Ortiz\u201d as a family business which started in the north of Chile, in the region of Coquimbo. Our story goes back to the beginning of the 1990s. Then, Mar\u00eda Graciela [&hellip;]<\/p>","protected":false},"author":2,"featured_media":0,"parent":0,"menu_order":0,"comment_status":"closed","ping_status":"closed","template":"","meta":{"_coblocks_attr":"","_coblocks_dimensions":"","_coblocks_responsive_height":"","_coblocks_accordion_ie_support":"","hide_page_title":"","footnotes":""},"class_list":["post-70","page","type-page","status-publish","hentry"],"yoast_head":"<!-- This site is optimized with the Yoast SEO plugin v26.2 - https:\/\/yoast.com\/wordpress\/plugins\/seo\/ -->\n<title>We are a wholesale seaweed supplier for business partners<\/title>\n<meta name=\"description\" content=\"We are a family run wholesale seaweed supplier from Chile, offering high quality bulk seaweed and algea to innovative business partners.\" \/>\n<meta name=\"robots\" content=\"index, follow, max-snippet:-1, max-image-preview:large, max-video-preview:-1\" \/>\n<link rel=\"canonical\" href=\"https:\/\/gracias-algas.com\/es\/about-wholesale-seaweed-supplier\/\" \/>\n<meta property=\"og:locale\" content=\"es_ES\" \/>\n<meta property=\"og:type\" content=\"article\" \/>\n<meta property=\"og:title\" content=\"We are a wholesale seaweed supplier for business partners\" \/>\n<meta property=\"og:description\" content=\"We are a family run wholesale seaweed supplier from Chile, offering high quality bulk seaweed and algea to innovative business partners.\" \/>\n<meta property=\"og:url\" content=\"https:\/\/gracias-algas.com\/es\/about-wholesale-seaweed-supplier\/\" \/>\n<meta property=\"article:modified_time\" content=\"2021-04-13T20:44:27+00:00\" \/>\n<meta name=\"twitter:card\" content=\"summary_large_image\" \/>\n<meta name=\"twitter:label1\" content=\"Tiempo de lectura\" \/>\n\t<meta name=\"twitter:data1\" content=\"1 minuto\" \/>\n<script type=\"application\/ld+json\" class=\"yoast-schema-graph\">{\"@context\":\"https:\/\/schema.org\",\"@graph\":[{\"@type\":\"WebPage\",\"@id\":\"https:\/\/gracias-algas.com\/about-wholesale-seaweed-supplier\/\",\"url\":\"https:\/\/gracias-algas.com\/about-wholesale-seaweed-supplier\/\",\"name\":\"We are a wholesale seaweed supplier for business partners\",\"isPartOf\":{\"@id\":\"https:\/\/gracias-algas.com\/en\/#website\"},\"datePublished\":\"2020-11-23T14:13:02+00:00\",\"dateModified\":\"2021-04-13T20:44:27+00:00\",\"description\":\"We are a family run wholesale seaweed supplier from Chile, offering high quality bulk seaweed and algea to innovative business partners.\",\"breadcrumb\":{\"@id\":\"https:\/\/gracias-algas.com\/about-wholesale-seaweed-supplier\/#breadcrumb\"},\"inLanguage\":\"es\",\"potentialAction\":[{\"@type\":\"ReadAction\",\"target\":[\"https:\/\/gracias-algas.com\/about-wholesale-seaweed-supplier\/\"]}]},{\"@type\":\"BreadcrumbList\",\"@id\":\"https:\/\/gracias-algas.com\/about-wholesale-seaweed-supplier\/#breadcrumb\",\"itemListElement\":[{\"@type\":\"ListItem\",\"position\":1,\"name\":\"Startseite\",\"item\":\"https:\/\/gracias-algas.com\/en\/\"},{\"@type\":\"ListItem\",\"position\":2,\"name\":\"About us\"}]},{\"@type\":\"WebSite\",\"@id\":\"https:\/\/gracias-algas.com\/en\/#website\",\"url\":\"https:\/\/gracias-algas.com\/en\/\",\"name\":\"\",\"description\":\"\",\"publisher\":{\"@id\":\"https:\/\/gracias-algas.com\/en\/#organization\"},\"potentialAction\":[{\"@type\":\"SearchAction\",\"target\":{\"@type\":\"EntryPoint\",\"urlTemplate\":\"https:\/\/gracias-algas.com\/en\/?s={search_term_string}\"},\"query-input\":{\"@type\":\"PropertyValueSpecification\",\"valueRequired\":true,\"valueName\":\"search_term_string\"}}],\"inLanguage\":\"es\"},{\"@type\":\"Organization\",\"@id\":\"https:\/\/gracias-algas.com\/en\/#organization\",\"name\":\"Gracias Algas\",\"url\":\"https:\/\/gracias-algas.com\/en\/\",\"logo\":{\"@type\":\"ImageObject\",\"inLanguage\":\"es\",\"@id\":\"https:\/\/gracias-algas.com\/en\/#\/schema\/logo\/image\/\",\"url\":\"https:\/\/secureservercdn.net\/160.153.137.218\/hn1.a7f.myftpupload.com\/wp-content\/uploads\/2020\/11\/gracias-algas.png?time=1624541328\",\"contentUrl\":\"https:\/\/secureservercdn.net\/160.153.137.218\/hn1.a7f.myftpupload.com\/wp-content\/uploads\/2020\/11\/gracias-algas.png?time=1624541328\",\"width\":2126,\"height\":2126,\"caption\":\"Gracias Algas\"},\"image\":{\"@id\":\"https:\/\/gracias-algas.com\/en\/#\/schema\/logo\/image\/\"}}]}<\/script>\n<!-- \/ Yoast SEO plugin. -->","yoast_head_json":{"title":"We are a wholesale seaweed supplier for business partners","description":"We are a family run wholesale seaweed supplier from Chile, offering high quality bulk seaweed and algea to innovative business partners.","robots":{"index":"index","follow":"follow","max-snippet":"max-snippet:-1","max-image-preview":"max-image-preview:large","max-video-preview":"max-video-preview:-1"},"canonical":"https:\/\/gracias-algas.com\/es\/about-wholesale-seaweed-supplier\/","og_locale":"es_ES","og_type":"article","og_title":"We are a wholesale seaweed supplier for business partners","og_description":"We are a family run wholesale seaweed supplier from Chile, offering high quality bulk seaweed and algea to innovative business partners.","og_url":"https:\/\/gracias-algas.com\/es\/about-wholesale-seaweed-supplier\/","article_modified_time":"2021-04-13T20:44:27+00:00","twitter_card":"summary_large_image","twitter_misc":{"Tiempo de lectura":"1 minuto"},"schema":{"@context":"https:\/\/schema.org","@graph":[{"@type":"WebPage","@id":"https:\/\/gracias-algas.com\/about-wholesale-seaweed-supplier\/","url":"https:\/\/gracias-algas.com\/about-wholesale-seaweed-supplier\/","name":"We are a wholesale seaweed supplier for business partners","isPartOf":{"@id":"https:\/\/gracias-algas.com\/en\/#website"},"datePublished":"2020-11-23T14:13:02+00:00","dateModified":"2021-04-13T20:44:27+00:00","description":"We are a family run wholesale seaweed supplier from Chile, offering high quality bulk seaweed and algea to innovative business partners.","breadcrumb":{"@id":"https:\/\/gracias-algas.com\/about-wholesale-seaweed-supplier\/#breadcrumb"},"inLanguage":"es","potentialAction":[{"@type":"ReadAction","target":["https:\/\/gracias-algas.com\/about-wholesale-seaweed-supplier\/"]}]},{"@type":"BreadcrumbList","@id":"https:\/\/gracias-algas.com\/about-wholesale-seaweed-supplier\/#breadcrumb","itemListElement":[{"@type":"ListItem","position":1,"name":"Startseite","item":"https:\/\/gracias-algas.com\/en\/"},{"@type":"ListItem","position":2,"name":"About us"}]},{"@type":"WebSite","@id":"https:\/\/gracias-algas.com\/en\/#website","url":"https:\/\/gracias-algas.com\/en\/","name":"","description":"","publisher":{"@id":"https:\/\/gracias-algas.com\/en\/#organization"},"potentialAction":[{"@type":"SearchAction","target":{"@type":"EntryPoint","urlTemplate":"https:\/\/gracias-algas.com\/en\/?s={search_term_string}"},"query-input":{"@type":"PropertyValueSpecification","valueRequired":true,"valueName":"search_term_string"}}],"inLanguage":"es"},{"@type":"Organization","@id":"https:\/\/gracias-algas.com\/en\/#organization","name":"Gracias Algas","url":"https:\/\/gracias-algas.com\/en\/","logo":{"@type":"ImageObject","inLanguage":"es","@id":"https:\/\/gracias-algas.com\/en\/#\/schema\/logo\/image\/","url":"https:\/\/secureservercdn.net\/160.153.137.218\/hn1.a7f.myftpupload.com\/wp-content\/uploads\/2020\/11\/gracias-algas.png?time=1624541328","contentUrl":"https:\/\/secureservercdn.net\/160.153.137.218\/hn1.a7f.myftpupload.com\/wp-content\/uploads\/2020\/11\/gracias-algas.png?time=1624541328","width":2126,"height":2126,"caption":"Gracias Algas"},"image":{"@id":"https:\/\/gracias-algas.com\/en\/#\/schema\/logo\/image\/"}}]}},"_links":{"self":[{"href":"https:\/\/gracias-algas.com\/es\/wp-json\/wp\/v2\/pages\/70","targetHints":{"allow":["GET"]}}],"collection":[{"href":"https:\/\/gracias-algas.com\/es\/wp-json\/wp\/v2\/pages"}],"about":[{"href":"https:\/\/gracias-algas.com\/es\/wp-json\/wp\/v2\/types\/page"}],"author":[{"embeddable":true,"href":"https:\/\/gracias-algas.com\/es\/wp-json\/wp\/v2\/users\/2"}],"replies":[{"embeddable":true,"href":"https:\/\/gracias-algas.com\/es\/wp-json\/wp\/v2\/comments?post=70"}],"version-history":[{"count":7,"href":"https:\/\/gracias-algas.com\/es\/wp-json\/wp\/v2\/pages\/70\/revisions"}],"predecessor-version":[{"id":577,"href":"https:\/\/gracias-algas.com\/es\/wp-json\/wp\/v2\/pages\/70\/revisions\/577"}],"wp:attachment":[{"href":"https:\/\/gracias-algas.com\/es\/wp-json\/wp\/v2\/media?parent=70"}],"curies":[{"name":"wp","href":"https:\/\/api.w.org\/{rel}","templated":true}]}}