{"id":761,"date":"2023-04-24T13:42:58","date_gmt":"2023-04-24T13:42:58","guid":{"rendered":"https:\/\/gracias-algas.com\/?page_id=761"},"modified":"2023-04-24T13:52:25","modified_gmt":"2023-04-24T13:52:25","slug":"press","status":"publish","type":"page","link":"https:\/\/gracias-algas.com\/es\/press\/","title":{"rendered":"Press"},"content":{"rendered":"<p><\/p>\n\n\n\n<div class=\"wp-block-columns alignfull is-layout-flex wp-container-core-columns-is-layout-2 wp-block-columns-is-layout-flex\">\n<div class=\"wp-block-column is-layout-flow wp-block-column-is-layout-flow\" style=\"flex-basis:50%\">\n<div class=\"wp-block-cover is-light\" style=\"min-height:600px;aspect-ratio:unset;\"><span aria-hidden=\"true\" class=\"wp-block-cover__background has-background-dim-100 has-background-dim\" style=\"background-color:#f6f6f6\"><\/span><div class=\"wp-block-cover__inner-container is-layout-flow wp-block-cover-is-layout-flow\"><div class=\"wp-block-image\">\n<figure class=\"aligncenter size-full\"><a href=\"https:\/\/www.noticias.ucn.cl\/noticias\/estudiantes\/facultad-de-ciencias-del-mar-ucn-premia-a-mejores-alumnos-en-su-inicio-de-ano-academico\/\" target=\"_blank\" rel=\"noreferrer noopener\"><img loading=\"lazy\" decoding=\"async\" width=\"492\" height=\"400\" src=\"https:\/\/gracias-algas.com\/wp-content\/uploads\/2023\/04\/gracias-algas-chile-news.png\" alt=\"\" class=\"wp-image-762\" srcset=\"https:\/\/gracias-algas.com\/wp-content\/uploads\/2023\/04\/gracias-algas-chile-news.png 492w, https:\/\/gracias-algas.com\/wp-content\/uploads\/2023\/04\/gracias-algas-chile-news-300x244.png 300w, https:\/\/gracias-algas.com\/wp-content\/uploads\/2023\/04\/gracias-algas-chile-news-15x12.png 15w\" sizes=\"auto, (max-width: 492px) 100vw, 492px\" \/><\/a><\/figure><\/div><\/div><\/div>\n<\/div>\n\n\n\n<div class=\"wp-block-column is-vertically-aligned-center is-layout-flow wp-block-column-is-layout-flow\" style=\"padding-top:1em;padding-right:1em;padding-bottom:1em;padding-left:1em\">\n<div class=\"wp-block-columns alignfull is-layout-flex wp-container-core-columns-is-layout-1 wp-block-columns-is-layout-flex\">\n<div class=\"wp-block-column is-layout-flow wp-block-column-is-layout-flow\" style=\"flex-basis:320px\">\n<h5 class=\"wp-block-heading\">FECHA: 24 MAYO, 2019<\/h5>\n\n\n\n<h2 class=\"has-small-font-size wp-block-heading\"><strong>Facultad de Ciencias del Mar UCN premia a mejores alumnos en su inicio de a\u00f1o acad\u00e9mico<\/strong><\/h2>\n\n\n\n<p><\/p>\n\n\n\n<p>A la ceremonia fue invitada a exponer su experiencia la bi\u00f3loga marina y empresaria Mar\u00eda Graciela Ort\u00edz.<\/p>\n\n\n\n<p>Pr\u00f3ximo a convertirse en el primer bi\u00f3logo marino de Rapa Nui se encuentra Benjam\u00edn \u00c1guila G\u00e1lvez, premiado hoy (24) en la Universidad Cat\u00f3lica del Norte como mejor alumno de la carrera de Biolog\u00eda Marina, en el marco del inicio de actividades acad\u00e9micas de la Facultad de Ciencias del Mar&#8230;..<\/p>\n\n\n\n<p><\/p>\n\n\n\n<p><a href=\"https:\/\/www.noticias.ucn.cl\/noticias\/estudiantes\/facultad-de-ciencias-del-mar-ucn-premia-a-mejores-alumnos-en-su-inicio-de-ano-academico\/\" target=\"_blank\" rel=\"noreferrer noopener\">Mas<\/a><\/p>\n<\/div>\n<\/div>\n<\/div>\n<\/div>","protected":false},"excerpt":{"rendered":"<p>FECHA: 24 MAYO, 2019 Facultad de Ciencias del Mar UCN premia a mejores alumnos en su inicio de a\u00f1o acad\u00e9mico A la ceremonia fue invitada a exponer su experiencia la bi\u00f3loga marina y empresaria Mar\u00eda Graciela Ort\u00edz. Pr\u00f3ximo a convertirse en el primer bi\u00f3logo marino de Rapa Nui se encuentra Benjam\u00edn \u00c1guila G\u00e1lvez, premiado hoy [&hellip;]<\/p>","protected":false},"author":2,"featured_media":0,"parent":0,"menu_order":0,"comment_status":"closed","ping_status":"closed","template":"","meta":{"_coblocks_attr":"","_coblocks_dimensions":"","_coblocks_responsive_height":"","_coblocks_accordion_ie_support":"","hide_page_title":"","footnotes":""},"class_list":["post-761","page","type-page","status-publish","hentry"],"yoast_head":"<!-- This site is optimized with the Yoast SEO plugin v26.2 - https:\/\/yoast.com\/wordpress\/plugins\/seo\/ -->\n<title>Press -<\/title>\n<meta name=\"robots\" content=\"index, follow, max-snippet:-1, max-image-preview:large, max-video-preview:-1\" \/>\n<link rel=\"canonical\" href=\"https:\/\/gracias-algas.com\/es\/press\/\" \/>\n<meta property=\"og:locale\" content=\"es_ES\" \/>\n<meta property=\"og:type\" content=\"article\" \/>\n<meta property=\"og:title\" content=\"Press -\" \/>\n<meta property=\"og:description\" content=\"FECHA: 24 MAYO, 2019 Facultad de Ciencias del Mar UCN premia a mejores alumnos en su inicio de a\u00f1o acad\u00e9mico A la ceremonia fue invitada a exponer su experiencia la bi\u00f3loga marina y empresaria Mar\u00eda Graciela Ort\u00edz. Pr\u00f3ximo a convertirse en el primer bi\u00f3logo marino de Rapa Nui se encuentra Benjam\u00edn \u00c1guila G\u00e1lvez, premiado hoy [&hellip;]\" \/>\n<meta property=\"og:url\" content=\"https:\/\/gracias-algas.com\/es\/press\/\" \/>\n<meta property=\"article:modified_time\" content=\"2023-04-24T13:52:25+00:00\" \/>\n<meta property=\"og:image\" content=\"https:\/\/gracias-algas.com\/wp-content\/uploads\/2023\/04\/gracias-algas-chile-news.png\" \/>\n<meta name=\"twitter:card\" content=\"summary_large_image\" \/>\n<meta name=\"twitter:label1\" content=\"Tiempo de lectura\" \/>\n\t<meta name=\"twitter:data1\" content=\"1 minuto\" \/>\n<script type=\"application\/ld+json\" class=\"yoast-schema-graph\">{\"@context\":\"https:\/\/schema.org\",\"@graph\":[{\"@type\":\"WebPage\",\"@id\":\"https:\/\/gracias-algas.com\/press\/\",\"url\":\"https:\/\/gracias-algas.com\/press\/\",\"name\":\"Press -\",\"isPartOf\":{\"@id\":\"https:\/\/gracias-algas.com\/en\/#website\"},\"primaryImageOfPage\":{\"@id\":\"https:\/\/gracias-algas.com\/press\/#primaryimage\"},\"image\":{\"@id\":\"https:\/\/gracias-algas.com\/press\/#primaryimage\"},\"thumbnailUrl\":\"https:\/\/gracias-algas.com\/wp-content\/uploads\/2023\/04\/gracias-algas-chile-news.png\",\"datePublished\":\"2023-04-24T13:42:58+00:00\",\"dateModified\":\"2023-04-24T13:52:25+00:00\",\"breadcrumb\":{\"@id\":\"https:\/\/gracias-algas.com\/press\/#breadcrumb\"},\"inLanguage\":\"es\",\"potentialAction\":[{\"@type\":\"ReadAction\",\"target\":[\"https:\/\/gracias-algas.com\/press\/\"]}]},{\"@type\":\"ImageObject\",\"inLanguage\":\"es\",\"@id\":\"https:\/\/gracias-algas.com\/press\/#primaryimage\",\"url\":\"https:\/\/gracias-algas.com\/wp-content\/uploads\/2023\/04\/gracias-algas-chile-news.png\",\"contentUrl\":\"https:\/\/gracias-algas.com\/wp-content\/uploads\/2023\/04\/gracias-algas-chile-news.png\"},{\"@type\":\"BreadcrumbList\",\"@id\":\"https:\/\/gracias-algas.com\/press\/#breadcrumb\",\"itemListElement\":[{\"@type\":\"ListItem\",\"position\":1,\"name\":\"Startseite\",\"item\":\"https:\/\/gracias-algas.com\/en\/\"},{\"@type\":\"ListItem\",\"position\":2,\"name\":\"Press\"}]},{\"@type\":\"WebSite\",\"@id\":\"https:\/\/gracias-algas.com\/en\/#website\",\"url\":\"https:\/\/gracias-algas.com\/en\/\",\"name\":\"\",\"description\":\"\",\"publisher\":{\"@id\":\"https:\/\/gracias-algas.com\/en\/#organization\"},\"potentialAction\":[{\"@type\":\"SearchAction\",\"target\":{\"@type\":\"EntryPoint\",\"urlTemplate\":\"https:\/\/gracias-algas.com\/en\/?s={search_term_string}\"},\"query-input\":{\"@type\":\"PropertyValueSpecification\",\"valueRequired\":true,\"valueName\":\"search_term_string\"}}],\"inLanguage\":\"es\"},{\"@type\":\"Organization\",\"@id\":\"https:\/\/gracias-algas.com\/en\/#organization\",\"name\":\"Gracias Algas\",\"url\":\"https:\/\/gracias-algas.com\/en\/\",\"logo\":{\"@type\":\"ImageObject\",\"inLanguage\":\"es\",\"@id\":\"https:\/\/gracias-algas.com\/en\/#\/schema\/logo\/image\/\",\"url\":\"https:\/\/secureservercdn.net\/160.153.137.218\/hn1.a7f.myftpupload.com\/wp-content\/uploads\/2020\/11\/gracias-algas.png?time=1624541328\",\"contentUrl\":\"https:\/\/secureservercdn.net\/160.153.137.218\/hn1.a7f.myftpupload.com\/wp-content\/uploads\/2020\/11\/gracias-algas.png?time=1624541328\",\"width\":2126,\"height\":2126,\"caption\":\"Gracias Algas\"},\"image\":{\"@id\":\"https:\/\/gracias-algas.com\/en\/#\/schema\/logo\/image\/\"}}]}<\/script>\n<!-- \/ Yoast SEO plugin. -->","yoast_head_json":{"title":"Press -","robots":{"index":"index","follow":"follow","max-snippet":"max-snippet:-1","max-image-preview":"max-image-preview:large","max-video-preview":"max-video-preview:-1"},"canonical":"https:\/\/gracias-algas.com\/es\/press\/","og_locale":"es_ES","og_type":"article","og_title":"Press -","og_description":"FECHA: 24 MAYO, 2019 Facultad de Ciencias del Mar UCN premia a mejores alumnos en su inicio de a\u00f1o acad\u00e9mico A la ceremonia fue invitada a exponer su experiencia la bi\u00f3loga marina y empresaria Mar\u00eda Graciela Ort\u00edz. Pr\u00f3ximo a convertirse en el primer bi\u00f3logo marino de Rapa Nui se encuentra Benjam\u00edn \u00c1guila G\u00e1lvez, premiado hoy [&hellip;]","og_url":"https:\/\/gracias-algas.com\/es\/press\/","article_modified_time":"2023-04-24T13:52:25+00:00","og_image":[{"url":"https:\/\/gracias-algas.com\/wp-content\/uploads\/2023\/04\/gracias-algas-chile-news.png","type":"","width":"","height":""}],"twitter_card":"summary_large_image","twitter_misc":{"Tiempo de lectura":"1 minuto"},"schema":{"@context":"https:\/\/schema.org","@graph":[{"@type":"WebPage","@id":"https:\/\/gracias-algas.com\/press\/","url":"https:\/\/gracias-algas.com\/press\/","name":"Press -","isPartOf":{"@id":"https:\/\/gracias-algas.com\/en\/#website"},"primaryImageOfPage":{"@id":"https:\/\/gracias-algas.com\/press\/#primaryimage"},"image":{"@id":"https:\/\/gracias-algas.com\/press\/#primaryimage"},"thumbnailUrl":"https:\/\/gracias-algas.com\/wp-content\/uploads\/2023\/04\/gracias-algas-chile-news.png","datePublished":"2023-04-24T13:42:58+00:00","dateModified":"2023-04-24T13:52:25+00:00","breadcrumb":{"@id":"https:\/\/gracias-algas.com\/press\/#breadcrumb"},"inLanguage":"es","potentialAction":[{"@type":"ReadAction","target":["https:\/\/gracias-algas.com\/press\/"]}]},{"@type":"ImageObject","inLanguage":"es","@id":"https:\/\/gracias-algas.com\/press\/#primaryimage","url":"https:\/\/gracias-algas.com\/wp-content\/uploads\/2023\/04\/gracias-algas-chile-news.png","contentUrl":"https:\/\/gracias-algas.com\/wp-content\/uploads\/2023\/04\/gracias-algas-chile-news.png"},{"@type":"BreadcrumbList","@id":"https:\/\/gracias-algas.com\/press\/#breadcrumb","itemListElement":[{"@type":"ListItem","position":1,"name":"Startseite","item":"https:\/\/gracias-algas.com\/en\/"},{"@type":"ListItem","position":2,"name":"Press"}]},{"@type":"WebSite","@id":"https:\/\/gracias-algas.com\/en\/#website","url":"https:\/\/gracias-algas.com\/en\/","name":"","description":"","publisher":{"@id":"https:\/\/gracias-algas.com\/en\/#organization"},"potentialAction":[{"@type":"SearchAction","target":{"@type":"EntryPoint","urlTemplate":"https:\/\/gracias-algas.com\/en\/?s={search_term_string}"},"query-input":{"@type":"PropertyValueSpecification","valueRequired":true,"valueName":"search_term_string"}}],"inLanguage":"es"},{"@type":"Organization","@id":"https:\/\/gracias-algas.com\/en\/#organization","name":"Gracias Algas","url":"https:\/\/gracias-algas.com\/en\/","logo":{"@type":"ImageObject","inLanguage":"es","@id":"https:\/\/gracias-algas.com\/en\/#\/schema\/logo\/image\/","url":"https:\/\/secureservercdn.net\/160.153.137.218\/hn1.a7f.myftpupload.com\/wp-content\/uploads\/2020\/11\/gracias-algas.png?time=1624541328","contentUrl":"https:\/\/secureservercdn.net\/160.153.137.218\/hn1.a7f.myftpupload.com\/wp-content\/uploads\/2020\/11\/gracias-algas.png?time=1624541328","width":2126,"height":2126,"caption":"Gracias Algas"},"image":{"@id":"https:\/\/gracias-algas.com\/en\/#\/schema\/logo\/image\/"}}]}},"_links":{"self":[{"href":"https:\/\/gracias-algas.com\/es\/wp-json\/wp\/v2\/pages\/761","targetHints":{"allow":["GET"]}}],"collection":[{"href":"https:\/\/gracias-algas.com\/es\/wp-json\/wp\/v2\/pages"}],"about":[{"href":"https:\/\/gracias-algas.com\/es\/wp-json\/wp\/v2\/types\/page"}],"author":[{"embeddable":true,"href":"https:\/\/gracias-algas.com\/es\/wp-json\/wp\/v2\/users\/2"}],"replies":[{"embeddable":true,"href":"https:\/\/gracias-algas.com\/es\/wp-json\/wp\/v2\/comments?post=761"}],"version-history":[{"count":5,"href":"https:\/\/gracias-algas.com\/es\/wp-json\/wp\/v2\/pages\/761\/revisions"}],"predecessor-version":[{"id":769,"href":"https:\/\/gracias-algas.com\/es\/wp-json\/wp\/v2\/pages\/761\/revisions\/769"}],"wp:attachment":[{"href":"https:\/\/gracias-algas.com\/es\/wp-json\/wp\/v2\/media?parent=761"}],"curies":[{"name":"wp","href":"https:\/\/api.w.org\/{rel}","templated":true}]}}