{"id":94,"date":"2020-11-23T15:20:37","date_gmt":"2020-11-23T15:20:37","guid":{"rendered":"https:\/\/gracias-algas.com\/?page_id=94"},"modified":"2023-04-23T07:56:42","modified_gmt":"2023-04-23T07:56:42","slug":"our-vision","status":"publish","type":"page","link":"https:\/\/gracias-algas.com\/es\/our-vision\/","title":{"rendered":"Nuestra Visi\u00f3n"},"content":{"rendered":"<p>Somos una empresa familiar, y nuestro objetivo es diversificar los diferentes usos de las algas que se pueden encontrar en las costas chilenas y, al mismo tiempo, salvaguardar el medio ambiente, promoviendo la conservaci\u00f3n y el uso sustentable del mismo. <\/p>\n\n\n\n<p>Creemos firmemente en la importancia de trabajar junto a las comunidades locales, enfatizando el comercio justo y causando un impacto m\u00ednimo en el medio ambiente, preservando la condici\u00f3n natural de las \u00e1reas en las que trabajamos. <\/p>\n\n\n\n<p>Particularmente buscamos diversificar el consumo de algas y ser pioneros en el desarrollo de diferentes tipos de productos para uso alimentario, cosm\u00e9tico e industrial. Queremos expandirnos a nuevos mercados donde este producto maravillosamente diverso que nos brindan nuestros oc\u00e9anos y costas pueda utilizarse en todo su potencial.<\/p>","protected":false},"excerpt":{"rendered":"<p>We are a family business, and our apiration is to diversify the different uses of seaweed that can be found on the Chilean shores, and, at the same time, safeguarding the environment, promoting the conservation and the sustainable use of it. We strongly believe in the importance of working alongside local communities, emphasizing fair trade [&hellip;]<\/p>","protected":false},"author":1,"featured_media":0,"parent":0,"menu_order":0,"comment_status":"closed","ping_status":"closed","template":"","meta":{"_coblocks_attr":"","_coblocks_dimensions":"","_coblocks_responsive_height":"","_coblocks_accordion_ie_support":"","hide_page_title":"","footnotes":""},"class_list":["post-94","page","type-page","status-publish","hentry"],"yoast_head":"<!-- This site is optimized with the Yoast SEO plugin v26.2 - https:\/\/yoast.com\/wordpress\/plugins\/seo\/ -->\n<title>Our Vision -<\/title>\n<meta name=\"robots\" content=\"index, follow, max-snippet:-1, max-image-preview:large, max-video-preview:-1\" \/>\n<link rel=\"canonical\" href=\"https:\/\/gracias-algas.com\/es\/our-vision\/\" \/>\n<meta property=\"og:locale\" content=\"es_ES\" \/>\n<meta property=\"og:type\" content=\"article\" \/>\n<meta property=\"og:title\" content=\"Our Vision -\" \/>\n<meta property=\"og:description\" content=\"We are a family business, and our apiration is to diversify the different uses of seaweed that can be found on the Chilean shores, and, at the same time, safeguarding the environment, promoting the conservation and the sustainable use of it. We strongly believe in the importance of working alongside local communities, emphasizing fair trade [&hellip;]\" \/>\n<meta property=\"og:url\" content=\"https:\/\/gracias-algas.com\/es\/our-vision\/\" \/>\n<meta property=\"article:modified_time\" content=\"2023-04-23T07:56:42+00:00\" \/>\n<meta name=\"twitter:card\" content=\"summary_large_image\" \/>\n<meta name=\"twitter:label1\" content=\"Tiempo de lectura\" \/>\n\t<meta name=\"twitter:data1\" content=\"1 minuto\" \/>\n<script type=\"application\/ld+json\" class=\"yoast-schema-graph\">{\"@context\":\"https:\/\/schema.org\",\"@graph\":[{\"@type\":\"WebPage\",\"@id\":\"https:\/\/gracias-algas.com\/our-vision\/\",\"url\":\"https:\/\/gracias-algas.com\/our-vision\/\",\"name\":\"Our Vision -\",\"isPartOf\":{\"@id\":\"https:\/\/gracias-algas.com\/en\/#website\"},\"datePublished\":\"2020-11-23T15:20:37+00:00\",\"dateModified\":\"2023-04-23T07:56:42+00:00\",\"breadcrumb\":{\"@id\":\"https:\/\/gracias-algas.com\/our-vision\/#breadcrumb\"},\"inLanguage\":\"es\",\"potentialAction\":[{\"@type\":\"ReadAction\",\"target\":[\"https:\/\/gracias-algas.com\/our-vision\/\"]}]},{\"@type\":\"BreadcrumbList\",\"@id\":\"https:\/\/gracias-algas.com\/our-vision\/#breadcrumb\",\"itemListElement\":[{\"@type\":\"ListItem\",\"position\":1,\"name\":\"Startseite\",\"item\":\"https:\/\/gracias-algas.com\/en\/\"},{\"@type\":\"ListItem\",\"position\":2,\"name\":\"Our Vision\"}]},{\"@type\":\"WebSite\",\"@id\":\"https:\/\/gracias-algas.com\/en\/#website\",\"url\":\"https:\/\/gracias-algas.com\/en\/\",\"name\":\"\",\"description\":\"\",\"publisher\":{\"@id\":\"https:\/\/gracias-algas.com\/en\/#organization\"},\"potentialAction\":[{\"@type\":\"SearchAction\",\"target\":{\"@type\":\"EntryPoint\",\"urlTemplate\":\"https:\/\/gracias-algas.com\/en\/?s={search_term_string}\"},\"query-input\":{\"@type\":\"PropertyValueSpecification\",\"valueRequired\":true,\"valueName\":\"search_term_string\"}}],\"inLanguage\":\"es\"},{\"@type\":\"Organization\",\"@id\":\"https:\/\/gracias-algas.com\/en\/#organization\",\"name\":\"Gracias Algas\",\"url\":\"https:\/\/gracias-algas.com\/en\/\",\"logo\":{\"@type\":\"ImageObject\",\"inLanguage\":\"es\",\"@id\":\"https:\/\/gracias-algas.com\/en\/#\/schema\/logo\/image\/\",\"url\":\"https:\/\/secureservercdn.net\/160.153.137.218\/hn1.a7f.myftpupload.com\/wp-content\/uploads\/2020\/11\/gracias-algas.png?time=1624541328\",\"contentUrl\":\"https:\/\/secureservercdn.net\/160.153.137.218\/hn1.a7f.myftpupload.com\/wp-content\/uploads\/2020\/11\/gracias-algas.png?time=1624541328\",\"width\":2126,\"height\":2126,\"caption\":\"Gracias Algas\"},\"image\":{\"@id\":\"https:\/\/gracias-algas.com\/en\/#\/schema\/logo\/image\/\"}}]}<\/script>\n<!-- \/ Yoast SEO plugin. -->","yoast_head_json":{"title":"Our Vision -","robots":{"index":"index","follow":"follow","max-snippet":"max-snippet:-1","max-image-preview":"max-image-preview:large","max-video-preview":"max-video-preview:-1"},"canonical":"https:\/\/gracias-algas.com\/es\/our-vision\/","og_locale":"es_ES","og_type":"article","og_title":"Our Vision -","og_description":"We are a family business, and our apiration is to diversify the different uses of seaweed that can be found on the Chilean shores, and, at the same time, safeguarding the environment, promoting the conservation and the sustainable use of it. We strongly believe in the importance of working alongside local communities, emphasizing fair trade [&hellip;]","og_url":"https:\/\/gracias-algas.com\/es\/our-vision\/","article_modified_time":"2023-04-23T07:56:42+00:00","twitter_card":"summary_large_image","twitter_misc":{"Tiempo de lectura":"1 minuto"},"schema":{"@context":"https:\/\/schema.org","@graph":[{"@type":"WebPage","@id":"https:\/\/gracias-algas.com\/our-vision\/","url":"https:\/\/gracias-algas.com\/our-vision\/","name":"Our Vision -","isPartOf":{"@id":"https:\/\/gracias-algas.com\/en\/#website"},"datePublished":"2020-11-23T15:20:37+00:00","dateModified":"2023-04-23T07:56:42+00:00","breadcrumb":{"@id":"https:\/\/gracias-algas.com\/our-vision\/#breadcrumb"},"inLanguage":"es","potentialAction":[{"@type":"ReadAction","target":["https:\/\/gracias-algas.com\/our-vision\/"]}]},{"@type":"BreadcrumbList","@id":"https:\/\/gracias-algas.com\/our-vision\/#breadcrumb","itemListElement":[{"@type":"ListItem","position":1,"name":"Startseite","item":"https:\/\/gracias-algas.com\/en\/"},{"@type":"ListItem","position":2,"name":"Our Vision"}]},{"@type":"WebSite","@id":"https:\/\/gracias-algas.com\/en\/#website","url":"https:\/\/gracias-algas.com\/en\/","name":"","description":"","publisher":{"@id":"https:\/\/gracias-algas.com\/en\/#organization"},"potentialAction":[{"@type":"SearchAction","target":{"@type":"EntryPoint","urlTemplate":"https:\/\/gracias-algas.com\/en\/?s={search_term_string}"},"query-input":{"@type":"PropertyValueSpecification","valueRequired":true,"valueName":"search_term_string"}}],"inLanguage":"es"},{"@type":"Organization","@id":"https:\/\/gracias-algas.com\/en\/#organization","name":"Gracias Algas","url":"https:\/\/gracias-algas.com\/en\/","logo":{"@type":"ImageObject","inLanguage":"es","@id":"https:\/\/gracias-algas.com\/en\/#\/schema\/logo\/image\/","url":"https:\/\/secureservercdn.net\/160.153.137.218\/hn1.a7f.myftpupload.com\/wp-content\/uploads\/2020\/11\/gracias-algas.png?time=1624541328","contentUrl":"https:\/\/secureservercdn.net\/160.153.137.218\/hn1.a7f.myftpupload.com\/wp-content\/uploads\/2020\/11\/gracias-algas.png?time=1624541328","width":2126,"height":2126,"caption":"Gracias Algas"},"image":{"@id":"https:\/\/gracias-algas.com\/en\/#\/schema\/logo\/image\/"}}]}},"_links":{"self":[{"href":"https:\/\/gracias-algas.com\/es\/wp-json\/wp\/v2\/pages\/94","targetHints":{"allow":["GET"]}}],"collection":[{"href":"https:\/\/gracias-algas.com\/es\/wp-json\/wp\/v2\/pages"}],"about":[{"href":"https:\/\/gracias-algas.com\/es\/wp-json\/wp\/v2\/types\/page"}],"author":[{"embeddable":true,"href":"https:\/\/gracias-algas.com\/es\/wp-json\/wp\/v2\/users\/1"}],"replies":[{"embeddable":true,"href":"https:\/\/gracias-algas.com\/es\/wp-json\/wp\/v2\/comments?post=94"}],"version-history":[{"count":3,"href":"https:\/\/gracias-algas.com\/es\/wp-json\/wp\/v2\/pages\/94\/revisions"}],"predecessor-version":[{"id":117,"href":"https:\/\/gracias-algas.com\/es\/wp-json\/wp\/v2\/pages\/94\/revisions\/117"}],"wp:attachment":[{"href":"https:\/\/gracias-algas.com\/es\/wp-json\/wp\/v2\/media?parent=94"}],"curies":[{"name":"wp","href":"https:\/\/api.w.org\/{rel}","templated":true}]}}