{"id":273,"date":"2021-02-01T16:49:25","date_gmt":"2021-02-01T16:49:25","guid":{"rendered":"https:\/\/gracias-algas.com\/?post_type=product&#038;p=273"},"modified":"2021-04-13T18:22:49","modified_gmt":"2021-04-13T18:22:49","slug":"algae-sea-moss-irish-moss-musgo-de-mar-chondrus-crispus-whole","status":"publish","type":"product","link":"https:\/\/gracias-algas.com\/es\/producto\/algae-sea-moss-irish-moss-musgo-de-mar-chondrus-crispus-whole\/","title":{"rendered":"Sea Moss - Entero"},"content":{"rendered":"<p><span data-sheets-value=\"{&quot;1&quot;:2,&quot;2&quot;:&quot;Chondrus crispus, commonly called Irish moss or carrageenan moss, is a species of red seaweed that grows along the rocky shores of the Atlantic coast of Europe and North America. It is soft and cartilaginous, and varies in color from greenish yellow to red, dark purple to brown.\\n\\n\\nThe main component is a mucilaginous body, composed of the polysaccharide carrageenan, which constitutes 55% of its dry weight. The body also consists of almost 10% protein by dry weight and approximately 15% mineral matter by dry weight.\\n\\n\\n&quot;}\" data-sheets-userformat=\"{&quot;2&quot;:1326019,&quot;3&quot;:{&quot;1&quot;:0},&quot;4&quot;:{&quot;1&quot;:2,&quot;2&quot;:16777215},&quot;9&quot;:0,&quot;10&quot;:1,&quot;11&quot;:4,&quot;12&quot;:0,&quot;14&quot;:{&quot;1&quot;:2,&quot;2&quot;:2105634},&quot;15&quot;:&quot;Arial&quot;,&quot;16&quot;:8,&quot;21&quot;:0,&quot;23&quot;:1}\">Chondrus crispus, com\u00fanmente llamado musgo irland\u00e9s o musgo carragenano, es una especie de alga roja que crece a lo largo de las costas rocosas de la costa atl\u00e1ntica de Europa y Am\u00e9rica del Norte. Es suave y cartilaginoso, y su color var\u00eda desde un amarillo verdoso hasta rojo, p\u00farpura oscuro a marr\u00f3n viol\u00e1ceo.<br \/>\nEl componente principal es un cuerpo mucilaginoso, compuesto por el polisac\u00e1rido carragenano, que constituye el 55% de su peso seco. El organismo tambi\u00e9n consta de casi un 10% de prote\u00edna en peso seco y aproximadamente un 15% de materia mineral en peso seco.<br \/>\n<\/span><\/p>\n<p><strong><a href=\"https:\/\/gracias-algas.com\/es\/contact-gracias-algas\/\">CONSULTAR CON NUESTRO EQUIPO DE VENTAS<\/a><\/strong><\/p>\n<p><a href=\"https:\/\/gracias-algas.com\/es\/categoria-producto\/sea-moss\/\">VER OTROS FORMATOS DE SEA MOSS<\/a><\/p>","protected":false},"excerpt":{"rendered":"<p><strong>Conocido como: Irish Moss, Musgo de Mar o Chondrus Crispus<\/strong><\/p>\n<p style=\"text-align: left;\"><span data-sheets-value=\"{&quot;1&quot;:2,&quot;2&quot;:&quot;Chondrus crispus, or Irish moss, is an edible red seaweed known for its high content of Carrageenan, Protein, and Minerals&quot;}\" data-sheets-userformat=\"{&quot;2&quot;:11203,&quot;3&quot;:{&quot;1&quot;:0},&quot;4&quot;:{&quot;1&quot;:2,&quot;2&quot;:16777215},&quot;9&quot;:0,&quot;10&quot;:1,&quot;11&quot;:4,&quot;12&quot;:0,&quot;14&quot;:{&quot;1&quot;:2,&quot;2&quot;:5067094},&quot;16&quot;:8}\">Chondrus crispus, o musgo irland\u00e9s, es un alga roja comestible conocida por su alto contenido de carragenano, prote\u00ednas y minerales<\/span><\/p>\n<p style=\"text-align: left;\"><strong><a href=\"https:\/\/gracias-algas.com\/es\/contact-gracias-algas\/\">CONSULTAR CON NUESTRO EQUIPO DE VENTAS<\/a><\/strong><\/p>","protected":false},"featured_media":492,"comment_status":"closed","ping_status":"closed","template":"","meta":{"_coblocks_attr":"","_coblocks_dimensions":"","_coblocks_responsive_height":"","_coblocks_accordion_ie_support":"","hide_page_title":""},"product_brand":[],"product_cat":[32,35,24],"product_tag":[],"class_list":{"0":"post-273","1":"product","2":"type-product","3":"status-publish","4":"has-post-thumbnail","6":"product_cat-all-products","7":"product_cat-red-algae","8":"product_cat-sea-moss","10":"first","11":"instock","12":"shipping-taxable","13":"product-type-simple"},"yoast_head":"<!-- This site is optimized with the Yoast SEO plugin v26.2 - https:\/\/yoast.com\/wordpress\/plugins\/seo\/ -->\n<title>Sea Moss - Dried, Whole -<\/title>\n<meta name=\"description\" content=\"Chondrus crispus, or Irish moss, is an edible red seaweed known for its high content of Carrageenan, Protein and Minerals.\" \/>\n<meta name=\"robots\" content=\"index, follow, max-snippet:-1, max-image-preview:large, max-video-preview:-1\" \/>\n<link rel=\"canonical\" href=\"https:\/\/gracias-algas.com\/es\/producto\/algae-sea-moss-irish-moss-musgo-de-mar-chondrus-crispus-whole\/\" \/>\n<meta property=\"og:locale\" content=\"es_ES\" \/>\n<meta property=\"og:type\" content=\"article\" \/>\n<meta property=\"og:title\" content=\"Sea Moss - Dried, Whole -\" \/>\n<meta property=\"og:description\" content=\"Chondrus crispus, or Irish moss, is an edible red seaweed known for its high content of Carrageenan, Protein and Minerals.\" \/>\n<meta property=\"og:url\" content=\"https:\/\/gracias-algas.com\/es\/producto\/algae-sea-moss-irish-moss-musgo-de-mar-chondrus-crispus-whole\/\" \/>\n<meta property=\"article:modified_time\" content=\"2021-04-13T18:22:49+00:00\" \/>\n<meta property=\"og:image\" content=\"https:\/\/gracias-algas.com\/wp-content\/uploads\/2021\/02\/algae-sea-moss-irish-moss-musgo-de-mar-chondrus-crispus-whole.jpg\" \/>\n\t<meta property=\"og:image:width\" content=\"1500\" \/>\n\t<meta property=\"og:image:height\" content=\"1500\" \/>\n\t<meta property=\"og:image:type\" content=\"image\/jpeg\" \/>\n<meta name=\"twitter:card\" content=\"summary_large_image\" \/>\n<meta name=\"twitter:label1\" content=\"Tiempo de lectura\" \/>\n\t<meta name=\"twitter:data1\" content=\"1 minuto\" \/>\n<script type=\"application\/ld+json\" class=\"yoast-schema-graph\">{\"@context\":\"https:\/\/schema.org\",\"@graph\":[{\"@type\":\"WebPage\",\"@id\":\"https:\/\/gracias-algas.com\/product\/algae-sea-moss-irish-moss-musgo-de-mar-chondrus-crispus-whole\/\",\"url\":\"https:\/\/gracias-algas.com\/product\/algae-sea-moss-irish-moss-musgo-de-mar-chondrus-crispus-whole\/\",\"name\":\"Sea Moss - Dried, Whole -\",\"isPartOf\":{\"@id\":\"https:\/\/gracias-algas.com\/en\/#website\"},\"primaryImageOfPage\":{\"@id\":\"https:\/\/gracias-algas.com\/product\/algae-sea-moss-irish-moss-musgo-de-mar-chondrus-crispus-whole\/#primaryimage\"},\"image\":{\"@id\":\"https:\/\/gracias-algas.com\/product\/algae-sea-moss-irish-moss-musgo-de-mar-chondrus-crispus-whole\/#primaryimage\"},\"thumbnailUrl\":\"https:\/\/gracias-algas.com\/wp-content\/uploads\/2021\/02\/algae-sea-moss-irish-moss-musgo-de-mar-chondrus-crispus-whole.jpg\",\"datePublished\":\"2021-02-01T16:49:25+00:00\",\"dateModified\":\"2021-04-13T18:22:49+00:00\",\"description\":\"Chondrus crispus, or Irish moss, is an edible red seaweed known for its high content of Carrageenan, Protein and Minerals.\",\"breadcrumb\":{\"@id\":\"https:\/\/gracias-algas.com\/product\/algae-sea-moss-irish-moss-musgo-de-mar-chondrus-crispus-whole\/#breadcrumb\"},\"inLanguage\":\"es\",\"potentialAction\":[{\"@type\":\"ReadAction\",\"target\":[\"https:\/\/gracias-algas.com\/product\/algae-sea-moss-irish-moss-musgo-de-mar-chondrus-crispus-whole\/\"]}]},{\"@type\":\"ImageObject\",\"inLanguage\":\"es\",\"@id\":\"https:\/\/gracias-algas.com\/product\/algae-sea-moss-irish-moss-musgo-de-mar-chondrus-crispus-whole\/#primaryimage\",\"url\":\"https:\/\/gracias-algas.com\/wp-content\/uploads\/2021\/02\/algae-sea-moss-irish-moss-musgo-de-mar-chondrus-crispus-whole.jpg\",\"contentUrl\":\"https:\/\/gracias-algas.com\/wp-content\/uploads\/2021\/02\/algae-sea-moss-irish-moss-musgo-de-mar-chondrus-crispus-whole.jpg\",\"width\":1500,\"height\":1500},{\"@type\":\"BreadcrumbList\",\"@id\":\"https:\/\/gracias-algas.com\/product\/algae-sea-moss-irish-moss-musgo-de-mar-chondrus-crispus-whole\/#breadcrumb\",\"itemListElement\":[{\"@type\":\"ListItem\",\"position\":1,\"name\":\"Startseite\",\"item\":\"https:\/\/gracias-algas.com\/en\/\"},{\"@type\":\"ListItem\",\"position\":2,\"name\":\"Shop\",\"item\":\"https:\/\/gracias-algas.com\/?page_id=25\"},{\"@type\":\"ListItem\",\"position\":3,\"name\":\"Sea Moss &#8211; Dried, Whole\"}]},{\"@type\":\"WebSite\",\"@id\":\"https:\/\/gracias-algas.com\/en\/#website\",\"url\":\"https:\/\/gracias-algas.com\/en\/\",\"name\":\"\",\"description\":\"\",\"publisher\":{\"@id\":\"https:\/\/gracias-algas.com\/en\/#organization\"},\"potentialAction\":[{\"@type\":\"SearchAction\",\"target\":{\"@type\":\"EntryPoint\",\"urlTemplate\":\"https:\/\/gracias-algas.com\/en\/?s={search_term_string}\"},\"query-input\":{\"@type\":\"PropertyValueSpecification\",\"valueRequired\":true,\"valueName\":\"search_term_string\"}}],\"inLanguage\":\"es\"},{\"@type\":\"Organization\",\"@id\":\"https:\/\/gracias-algas.com\/en\/#organization\",\"name\":\"Gracias Algas\",\"url\":\"https:\/\/gracias-algas.com\/en\/\",\"logo\":{\"@type\":\"ImageObject\",\"inLanguage\":\"es\",\"@id\":\"https:\/\/gracias-algas.com\/en\/#\/schema\/logo\/image\/\",\"url\":\"https:\/\/secureservercdn.net\/160.153.137.218\/hn1.a7f.myftpupload.com\/wp-content\/uploads\/2020\/11\/gracias-algas.png?time=1624541328\",\"contentUrl\":\"https:\/\/secureservercdn.net\/160.153.137.218\/hn1.a7f.myftpupload.com\/wp-content\/uploads\/2020\/11\/gracias-algas.png?time=1624541328\",\"width\":2126,\"height\":2126,\"caption\":\"Gracias Algas\"},\"image\":{\"@id\":\"https:\/\/gracias-algas.com\/en\/#\/schema\/logo\/image\/\"}}]}<\/script>\n<!-- \/ Yoast SEO plugin. -->","yoast_head_json":{"title":"Sea Moss - Dried, Whole -","description":"Chondrus crispus, or Irish moss, is an edible red seaweed known for its high content of Carrageenan, Protein and Minerals.","robots":{"index":"index","follow":"follow","max-snippet":"max-snippet:-1","max-image-preview":"max-image-preview:large","max-video-preview":"max-video-preview:-1"},"canonical":"https:\/\/gracias-algas.com\/es\/producto\/algae-sea-moss-irish-moss-musgo-de-mar-chondrus-crispus-whole\/","og_locale":"es_ES","og_type":"article","og_title":"Sea Moss - Dried, Whole -","og_description":"Chondrus crispus, or Irish moss, is an edible red seaweed known for its high content of Carrageenan, Protein and Minerals.","og_url":"https:\/\/gracias-algas.com\/es\/producto\/algae-sea-moss-irish-moss-musgo-de-mar-chondrus-crispus-whole\/","article_modified_time":"2021-04-13T18:22:49+00:00","og_image":[{"width":1500,"height":1500,"url":"https:\/\/gracias-algas.com\/wp-content\/uploads\/2021\/02\/algae-sea-moss-irish-moss-musgo-de-mar-chondrus-crispus-whole.jpg","type":"image\/jpeg"}],"twitter_card":"summary_large_image","twitter_misc":{"Tiempo de lectura":"1 minuto"},"schema":{"@context":"https:\/\/schema.org","@graph":[{"@type":"WebPage","@id":"https:\/\/gracias-algas.com\/product\/algae-sea-moss-irish-moss-musgo-de-mar-chondrus-crispus-whole\/","url":"https:\/\/gracias-algas.com\/product\/algae-sea-moss-irish-moss-musgo-de-mar-chondrus-crispus-whole\/","name":"Sea Moss - Dried, Whole -","isPartOf":{"@id":"https:\/\/gracias-algas.com\/en\/#website"},"primaryImageOfPage":{"@id":"https:\/\/gracias-algas.com\/product\/algae-sea-moss-irish-moss-musgo-de-mar-chondrus-crispus-whole\/#primaryimage"},"image":{"@id":"https:\/\/gracias-algas.com\/product\/algae-sea-moss-irish-moss-musgo-de-mar-chondrus-crispus-whole\/#primaryimage"},"thumbnailUrl":"https:\/\/gracias-algas.com\/wp-content\/uploads\/2021\/02\/algae-sea-moss-irish-moss-musgo-de-mar-chondrus-crispus-whole.jpg","datePublished":"2021-02-01T16:49:25+00:00","dateModified":"2021-04-13T18:22:49+00:00","description":"Chondrus crispus, or Irish moss, is an edible red seaweed known for its high content of Carrageenan, Protein and Minerals.","breadcrumb":{"@id":"https:\/\/gracias-algas.com\/product\/algae-sea-moss-irish-moss-musgo-de-mar-chondrus-crispus-whole\/#breadcrumb"},"inLanguage":"es","potentialAction":[{"@type":"ReadAction","target":["https:\/\/gracias-algas.com\/product\/algae-sea-moss-irish-moss-musgo-de-mar-chondrus-crispus-whole\/"]}]},{"@type":"ImageObject","inLanguage":"es","@id":"https:\/\/gracias-algas.com\/product\/algae-sea-moss-irish-moss-musgo-de-mar-chondrus-crispus-whole\/#primaryimage","url":"https:\/\/gracias-algas.com\/wp-content\/uploads\/2021\/02\/algae-sea-moss-irish-moss-musgo-de-mar-chondrus-crispus-whole.jpg","contentUrl":"https:\/\/gracias-algas.com\/wp-content\/uploads\/2021\/02\/algae-sea-moss-irish-moss-musgo-de-mar-chondrus-crispus-whole.jpg","width":1500,"height":1500},{"@type":"BreadcrumbList","@id":"https:\/\/gracias-algas.com\/product\/algae-sea-moss-irish-moss-musgo-de-mar-chondrus-crispus-whole\/#breadcrumb","itemListElement":[{"@type":"ListItem","position":1,"name":"Startseite","item":"https:\/\/gracias-algas.com\/en\/"},{"@type":"ListItem","position":2,"name":"Shop","item":"https:\/\/gracias-algas.com\/?page_id=25"},{"@type":"ListItem","position":3,"name":"Sea Moss &#8211; Dried, Whole"}]},{"@type":"WebSite","@id":"https:\/\/gracias-algas.com\/en\/#website","url":"https:\/\/gracias-algas.com\/en\/","name":"","description":"","publisher":{"@id":"https:\/\/gracias-algas.com\/en\/#organization"},"potentialAction":[{"@type":"SearchAction","target":{"@type":"EntryPoint","urlTemplate":"https:\/\/gracias-algas.com\/en\/?s={search_term_string}"},"query-input":{"@type":"PropertyValueSpecification","valueRequired":true,"valueName":"search_term_string"}}],"inLanguage":"es"},{"@type":"Organization","@id":"https:\/\/gracias-algas.com\/en\/#organization","name":"Gracias Algas","url":"https:\/\/gracias-algas.com\/en\/","logo":{"@type":"ImageObject","inLanguage":"es","@id":"https:\/\/gracias-algas.com\/en\/#\/schema\/logo\/image\/","url":"https:\/\/secureservercdn.net\/160.153.137.218\/hn1.a7f.myftpupload.com\/wp-content\/uploads\/2020\/11\/gracias-algas.png?time=1624541328","contentUrl":"https:\/\/secureservercdn.net\/160.153.137.218\/hn1.a7f.myftpupload.com\/wp-content\/uploads\/2020\/11\/gracias-algas.png?time=1624541328","width":2126,"height":2126,"caption":"Gracias Algas"},"image":{"@id":"https:\/\/gracias-algas.com\/en\/#\/schema\/logo\/image\/"}}]}},"_links":{"self":[{"href":"https:\/\/gracias-algas.com\/es\/wp-json\/wp\/v2\/product\/273","targetHints":{"allow":["GET"]}}],"collection":[{"href":"https:\/\/gracias-algas.com\/es\/wp-json\/wp\/v2\/product"}],"about":[{"href":"https:\/\/gracias-algas.com\/es\/wp-json\/wp\/v2\/types\/product"}],"replies":[{"embeddable":true,"href":"https:\/\/gracias-algas.com\/es\/wp-json\/wp\/v2\/comments?post=273"}],"wp:featuredmedia":[{"embeddable":true,"href":"https:\/\/gracias-algas.com\/es\/wp-json\/wp\/v2\/media\/492"}],"wp:attachment":[{"href":"https:\/\/gracias-algas.com\/es\/wp-json\/wp\/v2\/media?parent=273"}],"wp:term":[{"taxonomy":"product_brand","embeddable":true,"href":"https:\/\/gracias-algas.com\/es\/wp-json\/wp\/v2\/product_brand?post=273"},{"taxonomy":"product_cat","embeddable":true,"href":"https:\/\/gracias-algas.com\/es\/wp-json\/wp\/v2\/product_cat?post=273"},{"taxonomy":"product_tag","embeddable":true,"href":"https:\/\/gracias-algas.com\/es\/wp-json\/wp\/v2\/product_tag?post=273"}],"curies":[{"name":"wp","href":"https:\/\/api.w.org\/{rel}","templated":true}]}}