{"id":318,"date":"2021-02-01T21:06:02","date_gmt":"2021-02-01T21:06:02","guid":{"rendered":"https:\/\/gracias-algas.com\/?post_type=product&#038;p=318"},"modified":"2021-04-13T19:07:23","modified_gmt":"2021-04-13T19:07:23","slug":"algae-sea-lettuce-lechuga-de-mar-ulva-lactuca-dried-whole","status":"publish","type":"product","link":"https:\/\/gracias-algas.com\/es\/producto\/algae-sea-lettuce-lechuga-de-mar-ulva-lactuca-dried-whole\/","title":{"rendered":"Ulva Lactuca - Entera"},"content":{"rendered":"<p>Ulva lactuca, es un alga verde comestible, que se encuentra desde el intermareal al submareal de la mayor\u00eda de los oc\u00e9anos del mundo. \nTambi\u00e9n conocida como lechuga de mar, por su forma delgada y plana, que crece a partir de un agarre discoide.\nEs conocido por su contenido en compuestos bioactivos de Vitamina A, C, E y aosa\u00edna utilizados en cosm\u00e9tica ya que inhibe la acci\u00f3n de la elastasa protegiendo el col\u00e1geno y elastano.\nOtros usos incluyen un suplemento de nutrientes o bioestimulante \/ bio fertilizante para aumentar el crecimiento y rendimiento de las plantas .<\/p>\n<p><strong><a href=\"https:\/\/gracias-algas.com\/es\/contact-gracias-algas\/\">CONSULTAR CON NUESTRO EQUIPO DE VENTAS<\/a><\/strong><\/p>\n<p><a href=\"https:\/\/gracias-algas.com\/es\/categoria-producto\/sea-lettuce\/\">VER OTRAS FORMATS DE ULVA LACTUCA<\/a><\/p>","protected":false},"excerpt":{"rendered":"<p><strong>CONOCIDO COMO: Sea Lettuce (EN), Lechuga de Mar (ES)<\/strong><\/p>\n<p><span data-sheets-value=\"{&quot;1&quot;:2,&quot;2&quot;:&quot;Ulva Lactuca, is an edible green alga. It is known for its content of Vitamin A, C, E., and Aosa\u00edna.&quot;}\" data-sheets-userformat=\"{&quot;2&quot;:9153,&quot;3&quot;:{&quot;1&quot;:0},&quot;9&quot;:0,&quot;10&quot;:1,&quot;11&quot;:4,&quot;12&quot;:0,&quot;16&quot;:8}\">Ulva Lactuca, es un alga verde comestible. Es conocido por su contenido en Vitamina A, C, E y Aosa\u00edna.<\/span><\/p>\n<p><strong><a href=\"https:\/\/gracias-algas.com\/es\/contact-gracias-algas\/\">CONSULTAR CON NUESTRO EQUIPO DE VENTAS<\/a><\/strong><\/p>","protected":false},"featured_media":509,"comment_status":"closed","ping_status":"closed","template":"","meta":{"_coblocks_attr":"","_coblocks_dimensions":"","_coblocks_responsive_height":"","_coblocks_accordion_ie_support":"","hide_page_title":""},"product_brand":[],"product_cat":[32,37,26],"product_tag":[],"class_list":{"0":"post-318","1":"product","2":"type-product","3":"status-publish","4":"has-post-thumbnail","6":"product_cat-all-products","7":"product_cat-green-algae","8":"product_cat-sea-lettuce","10":"first","11":"instock","12":"shipping-taxable","13":"product-type-simple"},"yoast_head":"<!-- This site is optimized with the Yoast SEO plugin v26.2 - https:\/\/yoast.com\/wordpress\/plugins\/seo\/ -->\n<title>Ulva Lactuca also known as sea lettuce, a nutritious edible green algae<\/title>\n<meta name=\"description\" content=\"Ulva Lactuca, or sea lettuce, is an edible green algae. It is known for its content of Vitamin A, C, E., and Aosa\u00edna.\" \/>\n<meta name=\"robots\" content=\"index, follow, max-snippet:-1, max-image-preview:large, max-video-preview:-1\" \/>\n<link rel=\"canonical\" href=\"https:\/\/gracias-algas.com\/es\/producto\/algae-sea-lettuce-lechuga-de-mar-ulva-lactuca-dried-whole\/\" \/>\n<meta property=\"og:locale\" content=\"es_ES\" \/>\n<meta property=\"og:type\" content=\"article\" \/>\n<meta property=\"og:title\" content=\"Ulva Lactuca also known as sea lettuce, a nutritious edible green algae\" \/>\n<meta property=\"og:description\" content=\"Ulva Lactuca, or sea lettuce, is an edible green algae. It is known for its content of Vitamin A, C, E., and Aosa\u00edna.\" \/>\n<meta property=\"og:url\" content=\"https:\/\/gracias-algas.com\/es\/producto\/algae-sea-lettuce-lechuga-de-mar-ulva-lactuca-dried-whole\/\" \/>\n<meta property=\"article:modified_time\" content=\"2021-04-13T19:07:23+00:00\" \/>\n<meta property=\"og:image\" content=\"https:\/\/gracias-algas.com\/wp-content\/uploads\/2021\/02\/algae-sea-lettuce-lechuga-de-mar-Ulva-Lactuca-dried-whole.jpg\" \/>\n\t<meta property=\"og:image:width\" content=\"1500\" \/>\n\t<meta property=\"og:image:height\" content=\"1500\" \/>\n\t<meta property=\"og:image:type\" content=\"image\/jpeg\" \/>\n<meta name=\"twitter:card\" content=\"summary_large_image\" \/>\n<meta name=\"twitter:label1\" content=\"Tiempo de lectura\" \/>\n\t<meta name=\"twitter:data1\" content=\"1 minuto\" \/>\n<script type=\"application\/ld+json\" class=\"yoast-schema-graph\">{\"@context\":\"https:\/\/schema.org\",\"@graph\":[{\"@type\":\"WebPage\",\"@id\":\"https:\/\/gracias-algas.com\/product\/algae-sea-lettuce-lechuga-de-mar-ulva-lactuca-dried-whole\/\",\"url\":\"https:\/\/gracias-algas.com\/product\/algae-sea-lettuce-lechuga-de-mar-ulva-lactuca-dried-whole\/\",\"name\":\"Ulva Lactuca also known as sea lettuce, a nutritious edible green algae\",\"isPartOf\":{\"@id\":\"https:\/\/gracias-algas.com\/en\/#website\"},\"primaryImageOfPage\":{\"@id\":\"https:\/\/gracias-algas.com\/product\/algae-sea-lettuce-lechuga-de-mar-ulva-lactuca-dried-whole\/#primaryimage\"},\"image\":{\"@id\":\"https:\/\/gracias-algas.com\/product\/algae-sea-lettuce-lechuga-de-mar-ulva-lactuca-dried-whole\/#primaryimage\"},\"thumbnailUrl\":\"https:\/\/gracias-algas.com\/wp-content\/uploads\/2021\/02\/algae-sea-lettuce-lechuga-de-mar-Ulva-Lactuca-dried-whole.jpg\",\"datePublished\":\"2021-02-01T21:06:02+00:00\",\"dateModified\":\"2021-04-13T19:07:23+00:00\",\"description\":\"Ulva Lactuca, or sea lettuce, is an edible green algae. It is known for its content of Vitamin A, C, E., and Aosa\u00edna.\",\"breadcrumb\":{\"@id\":\"https:\/\/gracias-algas.com\/product\/algae-sea-lettuce-lechuga-de-mar-ulva-lactuca-dried-whole\/#breadcrumb\"},\"inLanguage\":\"es\",\"potentialAction\":[{\"@type\":\"ReadAction\",\"target\":[\"https:\/\/gracias-algas.com\/product\/algae-sea-lettuce-lechuga-de-mar-ulva-lactuca-dried-whole\/\"]}]},{\"@type\":\"ImageObject\",\"inLanguage\":\"es\",\"@id\":\"https:\/\/gracias-algas.com\/product\/algae-sea-lettuce-lechuga-de-mar-ulva-lactuca-dried-whole\/#primaryimage\",\"url\":\"https:\/\/gracias-algas.com\/wp-content\/uploads\/2021\/02\/algae-sea-lettuce-lechuga-de-mar-Ulva-Lactuca-dried-whole.jpg\",\"contentUrl\":\"https:\/\/gracias-algas.com\/wp-content\/uploads\/2021\/02\/algae-sea-lettuce-lechuga-de-mar-Ulva-Lactuca-dried-whole.jpg\",\"width\":1500,\"height\":1500},{\"@type\":\"BreadcrumbList\",\"@id\":\"https:\/\/gracias-algas.com\/product\/algae-sea-lettuce-lechuga-de-mar-ulva-lactuca-dried-whole\/#breadcrumb\",\"itemListElement\":[{\"@type\":\"ListItem\",\"position\":1,\"name\":\"Startseite\",\"item\":\"https:\/\/gracias-algas.com\/en\/\"},{\"@type\":\"ListItem\",\"position\":2,\"name\":\"Shop\",\"item\":\"https:\/\/gracias-algas.com\/?page_id=25\"},{\"@type\":\"ListItem\",\"position\":3,\"name\":\"Ulva Lactuca &#8211; Whole\"}]},{\"@type\":\"WebSite\",\"@id\":\"https:\/\/gracias-algas.com\/en\/#website\",\"url\":\"https:\/\/gracias-algas.com\/en\/\",\"name\":\"\",\"description\":\"\",\"publisher\":{\"@id\":\"https:\/\/gracias-algas.com\/en\/#organization\"},\"potentialAction\":[{\"@type\":\"SearchAction\",\"target\":{\"@type\":\"EntryPoint\",\"urlTemplate\":\"https:\/\/gracias-algas.com\/en\/?s={search_term_string}\"},\"query-input\":{\"@type\":\"PropertyValueSpecification\",\"valueRequired\":true,\"valueName\":\"search_term_string\"}}],\"inLanguage\":\"es\"},{\"@type\":\"Organization\",\"@id\":\"https:\/\/gracias-algas.com\/en\/#organization\",\"name\":\"Gracias Algas\",\"url\":\"https:\/\/gracias-algas.com\/en\/\",\"logo\":{\"@type\":\"ImageObject\",\"inLanguage\":\"es\",\"@id\":\"https:\/\/gracias-algas.com\/en\/#\/schema\/logo\/image\/\",\"url\":\"https:\/\/secureservercdn.net\/160.153.137.218\/hn1.a7f.myftpupload.com\/wp-content\/uploads\/2020\/11\/gracias-algas.png?time=1624541328\",\"contentUrl\":\"https:\/\/secureservercdn.net\/160.153.137.218\/hn1.a7f.myftpupload.com\/wp-content\/uploads\/2020\/11\/gracias-algas.png?time=1624541328\",\"width\":2126,\"height\":2126,\"caption\":\"Gracias Algas\"},\"image\":{\"@id\":\"https:\/\/gracias-algas.com\/en\/#\/schema\/logo\/image\/\"}}]}<\/script>\n<!-- \/ Yoast SEO plugin. -->","yoast_head_json":{"title":"Ulva Lactuca also known as sea lettuce, a nutritious edible green algae","description":"Ulva Lactuca, or sea lettuce, is an edible green algae. It is known for its content of Vitamin A, C, E., and Aosa\u00edna.","robots":{"index":"index","follow":"follow","max-snippet":"max-snippet:-1","max-image-preview":"max-image-preview:large","max-video-preview":"max-video-preview:-1"},"canonical":"https:\/\/gracias-algas.com\/es\/producto\/algae-sea-lettuce-lechuga-de-mar-ulva-lactuca-dried-whole\/","og_locale":"es_ES","og_type":"article","og_title":"Ulva Lactuca also known as sea lettuce, a nutritious edible green algae","og_description":"Ulva Lactuca, or sea lettuce, is an edible green algae. It is known for its content of Vitamin A, C, E., and Aosa\u00edna.","og_url":"https:\/\/gracias-algas.com\/es\/producto\/algae-sea-lettuce-lechuga-de-mar-ulva-lactuca-dried-whole\/","article_modified_time":"2021-04-13T19:07:23+00:00","og_image":[{"width":1500,"height":1500,"url":"https:\/\/gracias-algas.com\/wp-content\/uploads\/2021\/02\/algae-sea-lettuce-lechuga-de-mar-Ulva-Lactuca-dried-whole.jpg","type":"image\/jpeg"}],"twitter_card":"summary_large_image","twitter_misc":{"Tiempo de lectura":"1 minuto"},"schema":{"@context":"https:\/\/schema.org","@graph":[{"@type":"WebPage","@id":"https:\/\/gracias-algas.com\/product\/algae-sea-lettuce-lechuga-de-mar-ulva-lactuca-dried-whole\/","url":"https:\/\/gracias-algas.com\/product\/algae-sea-lettuce-lechuga-de-mar-ulva-lactuca-dried-whole\/","name":"Ulva Lactuca also known as sea lettuce, a nutritious edible green algae","isPartOf":{"@id":"https:\/\/gracias-algas.com\/en\/#website"},"primaryImageOfPage":{"@id":"https:\/\/gracias-algas.com\/product\/algae-sea-lettuce-lechuga-de-mar-ulva-lactuca-dried-whole\/#primaryimage"},"image":{"@id":"https:\/\/gracias-algas.com\/product\/algae-sea-lettuce-lechuga-de-mar-ulva-lactuca-dried-whole\/#primaryimage"},"thumbnailUrl":"https:\/\/gracias-algas.com\/wp-content\/uploads\/2021\/02\/algae-sea-lettuce-lechuga-de-mar-Ulva-Lactuca-dried-whole.jpg","datePublished":"2021-02-01T21:06:02+00:00","dateModified":"2021-04-13T19:07:23+00:00","description":"Ulva Lactuca, or sea lettuce, is an edible green algae. It is known for its content of Vitamin A, C, E., and Aosa\u00edna.","breadcrumb":{"@id":"https:\/\/gracias-algas.com\/product\/algae-sea-lettuce-lechuga-de-mar-ulva-lactuca-dried-whole\/#breadcrumb"},"inLanguage":"es","potentialAction":[{"@type":"ReadAction","target":["https:\/\/gracias-algas.com\/product\/algae-sea-lettuce-lechuga-de-mar-ulva-lactuca-dried-whole\/"]}]},{"@type":"ImageObject","inLanguage":"es","@id":"https:\/\/gracias-algas.com\/product\/algae-sea-lettuce-lechuga-de-mar-ulva-lactuca-dried-whole\/#primaryimage","url":"https:\/\/gracias-algas.com\/wp-content\/uploads\/2021\/02\/algae-sea-lettuce-lechuga-de-mar-Ulva-Lactuca-dried-whole.jpg","contentUrl":"https:\/\/gracias-algas.com\/wp-content\/uploads\/2021\/02\/algae-sea-lettuce-lechuga-de-mar-Ulva-Lactuca-dried-whole.jpg","width":1500,"height":1500},{"@type":"BreadcrumbList","@id":"https:\/\/gracias-algas.com\/product\/algae-sea-lettuce-lechuga-de-mar-ulva-lactuca-dried-whole\/#breadcrumb","itemListElement":[{"@type":"ListItem","position":1,"name":"Startseite","item":"https:\/\/gracias-algas.com\/en\/"},{"@type":"ListItem","position":2,"name":"Shop","item":"https:\/\/gracias-algas.com\/?page_id=25"},{"@type":"ListItem","position":3,"name":"Ulva Lactuca &#8211; Whole"}]},{"@type":"WebSite","@id":"https:\/\/gracias-algas.com\/en\/#website","url":"https:\/\/gracias-algas.com\/en\/","name":"","description":"","publisher":{"@id":"https:\/\/gracias-algas.com\/en\/#organization"},"potentialAction":[{"@type":"SearchAction","target":{"@type":"EntryPoint","urlTemplate":"https:\/\/gracias-algas.com\/en\/?s={search_term_string}"},"query-input":{"@type":"PropertyValueSpecification","valueRequired":true,"valueName":"search_term_string"}}],"inLanguage":"es"},{"@type":"Organization","@id":"https:\/\/gracias-algas.com\/en\/#organization","name":"Gracias Algas","url":"https:\/\/gracias-algas.com\/en\/","logo":{"@type":"ImageObject","inLanguage":"es","@id":"https:\/\/gracias-algas.com\/en\/#\/schema\/logo\/image\/","url":"https:\/\/secureservercdn.net\/160.153.137.218\/hn1.a7f.myftpupload.com\/wp-content\/uploads\/2020\/11\/gracias-algas.png?time=1624541328","contentUrl":"https:\/\/secureservercdn.net\/160.153.137.218\/hn1.a7f.myftpupload.com\/wp-content\/uploads\/2020\/11\/gracias-algas.png?time=1624541328","width":2126,"height":2126,"caption":"Gracias Algas"},"image":{"@id":"https:\/\/gracias-algas.com\/en\/#\/schema\/logo\/image\/"}}]}},"_links":{"self":[{"href":"https:\/\/gracias-algas.com\/es\/wp-json\/wp\/v2\/product\/318","targetHints":{"allow":["GET"]}}],"collection":[{"href":"https:\/\/gracias-algas.com\/es\/wp-json\/wp\/v2\/product"}],"about":[{"href":"https:\/\/gracias-algas.com\/es\/wp-json\/wp\/v2\/types\/product"}],"replies":[{"embeddable":true,"href":"https:\/\/gracias-algas.com\/es\/wp-json\/wp\/v2\/comments?post=318"}],"wp:featuredmedia":[{"embeddable":true,"href":"https:\/\/gracias-algas.com\/es\/wp-json\/wp\/v2\/media\/509"}],"wp:attachment":[{"href":"https:\/\/gracias-algas.com\/es\/wp-json\/wp\/v2\/media?parent=318"}],"wp:term":[{"taxonomy":"product_brand","embeddable":true,"href":"https:\/\/gracias-algas.com\/es\/wp-json\/wp\/v2\/product_brand?post=318"},{"taxonomy":"product_cat","embeddable":true,"href":"https:\/\/gracias-algas.com\/es\/wp-json\/wp\/v2\/product_cat?post=318"},{"taxonomy":"product_tag","embeddable":true,"href":"https:\/\/gracias-algas.com\/es\/wp-json\/wp\/v2\/product_tag?post=318"}],"curies":[{"name":"wp","href":"https:\/\/api.w.org\/{rel}","templated":true}]}}